{"id":12561,"date":"2024-02-15T13:21:00","date_gmt":"2024-02-15T11:21:00","guid":{"rendered":"https:\/\/gav.hr\/?page_id=12561"},"modified":"2026-04-14T16:24:11","modified_gmt":"2026-04-14T14:24:11","slug":"javna-objava-informacija-o-trosenju-sredstava","status":"publish","type":"page","link":"https:\/\/gav.hr\/?page_id=12561","title":{"rendered":"Javna objava informacija o tro\u0161enju sredstava"},"content":{"rendered":"\n<p><a href=\"http:\/\/gav.hr\/wp-content\/uploads\/2026\/04\/OZUJAK2026.-transparentnost.pdf\">O\u017eujak 2026. &#8211; transparentnost<\/a><\/p>\n\n\n\n<p><a href=\"http:\/\/gav.hr\/wp-content\/uploads\/2026\/03\/VELJACA-2026.-transparentnost.pdf\">Velja\u010da 2026. &#8211; transparentnost<\/a><\/p>\n\n\n\n<p><a href=\"http:\/\/gav.hr\/wp-content\/uploads\/2026\/02\/sijecanj-2026.-transparentnost.pdf\">Sije\u010danj 2026. &#8211; transparentnost<\/a><\/p>\n\n\n\n<p><a href=\"http:\/\/gav.hr\/wp-content\/uploads\/2026\/01\/prosinac-2025.-transparentnost.pdf\">Prosinac 2025. &#8211; transparentnost<\/a><\/p>\n\n\n\n<p><a href=\"http:\/\/gav.hr\/wp-content\/uploads\/2025\/12\/Biologija-i-kemija-SADRZAJ-I-NACIN-TESTIRANJA-PRAVNE-I-DRUGE-IZVORE-1.pdf\">Studeni 2025. &#8211; transparentnost<\/a><\/p>\n\n\n\n<p>L<a href=\"http:\/\/gav.hr\/wp-content\/uploads\/2025\/11\/Listopad-2025.-transparentnost.pdf\">istopad 2025. &#8211; transparentnost<\/a><\/p>\n\n\n\n<p><a href=\"http:\/\/gav.hr\/wp-content\/uploads\/2025\/10\/Rujan-2025.-transparentnost.pdf\">Rujan 2025. &#8211; transparentnost<\/a><\/p>\n\n\n\n<p><a href=\"http:\/\/gav.hr\/wp-content\/uploads\/2025\/09\/Kolovoz-2025.-transparentnost.pdf\">Kolovoz 2025. &#8211; transparentnost<\/a><\/p>\n\n\n\n<p><a href=\"http:\/\/gav.hr\/wp-content\/uploads\/2025\/08\/Srpanj-2025.-transparentnost.pdf\">Srpanj 2025. &#8211; transparentnost<\/a><\/p>\n\n\n\n<p><a href=\"http:\/\/gav.hr\/wp-content\/uploads\/2025\/07\/Lipanj-2025.-transparentnost.pdf\">Lipanj 2025. &#8211; transparentnost<\/a><\/p>\n\n\n\n<p><a href=\"http:\/\/gav.hr\/wp-content\/uploads\/2025\/06\/Svibanj-2025.-transparentnost.pdf\">Svibanj 2025. &#8211; transparentnost<\/a><\/p>\n\n\n\n<p><a href=\"http:\/\/gav.hr\/wp-content\/uploads\/2025\/05\/Travanj-2025.-transparentnost.xlsx\">Travanj 2025. &#8211; transparentnost<\/a><\/p>\n\n\n\n<p><a href=\"http:\/\/gav.hr\/wp-content\/uploads\/2025\/04\/Ozujak-2025.-transparentnost.pdf\">O\u017eujak 2025. &#8211; transparentnost<\/a><\/p>\n\n\n\n<p><a href=\"http:\/\/gav.hr\/wp-content\/uploads\/2025\/03\/Veljaca-2025.-transparentnost.pdf\">Velja\u010da 2025. &#8211; transparentnost<\/a><\/p>\n\n\n\n<p><a href=\"http:\/\/gav.hr\/wp-content\/uploads\/2025\/02\/Sijecanj-2025.-transparentnost.pdf\">Sije\u010dan 2025. &#8211; transparentnost<\/a><\/p>\n\n\n\n<p><a href=\"http:\/\/gav.hr\/wp-content\/uploads\/2025\/01\/Prosinac-2024.-transparentnost.pdf\">Prosinac 2024 &#8211; transparentnost<\/a><\/p>\n\n\n\n<p><a href=\"http:\/\/gav.hr\/wp-content\/uploads\/2024\/12\/Studeni-2024.-transparentnost-1.pdf\">Studeni 2024 &#8211; transparanetnost<\/a><\/p>\n\n\n\n<p><a href=\"http:\/\/gav.hr\/wp-content\/uploads\/2024\/11\/Listopad-2024.-transparentnost.pdf\">Listopad 2024. &#8211; transparentnost<\/a><\/p>\n\n\n\n<p><a href=\"http:\/\/gav.hr\/wp-content\/uploads\/2024\/10\/Rujan-2024.-transparentnost-1.pdf\">Rujan 2024. &#8211; transparentnost <\/a><\/p>\n\n\n\n<p><a href=\"http:\/\/gav.hr\/wp-content\/uploads\/2024\/09\/Kolovoz-2024.-transparentnost.pdf\">Kolovoz 2024. &#8211; transparentnost<\/a><\/p>\n\n\n\n<p><a href=\"http:\/\/gav.hr\/wp-content\/uploads\/2024\/08\/Srpanj-2024.-transparentnost.pdf\">Srpanj 2024 &#8211; transparentnost<\/a><\/p>\n\n\n\n<p>Li<a href=\"http:\/\/gav.hr\/wp-content\/uploads\/2024\/07\/Lipanj-2024.-transparentnost.pdf\">panj 2024. &#8211; transparentnost<\/a><\/p>\n\n\n\n<p><a href=\"http:\/\/gav.hr\/wp-content\/uploads\/2024\/06\/Svibanj-2024.-transparentnost-1.pdf\">Svibanj 2024. &#8211; transparentnost<\/a><\/p>\n\n\n\n<p><a href=\"http:\/\/gav.hr\/wp-content\/uploads\/2024\/05\/Travanj-2024.-transparentnost.pdf\">Travanj 2024. &#8211; transparentnost<\/a><\/p>\n\n\n\n<p>O<a href=\"http:\/\/gav.hr\/wp-content\/uploads\/2024\/04\/Ozujak.pdf\">\u017eujak 2024. &#8211; transparentnost<\/a><\/p>\n\n\n\n<p><a href=\"http:\/\/gav.hr\/wp-content\/uploads\/2024\/03\/Veljaca-2024.-transparentnost.pdf\">Velja\u010da 2024. &#8211; transparentnost<\/a><\/p>\n\n\n\n<p><a href=\"http:\/\/gav.hr\/wp-content\/uploads\/2024\/02\/Sijecanj-2024.-transparentnost-1.pdf\">Sije\u010danj 2024.-transparentnost<\/a><\/p>\n\n\n\n<p><a href=\"https:\/\/www.sibensko-kninska-zupanija.hr\/stranica\/transparentnost-proracuna-sibensko-kninske-zupanije\/477\">Transparentnost prora\u010duna \u0160ibensko-kninske \u017eupanije<\/a><\/p>\n","protected":false},"excerpt":{"rendered":"<p>O\u017eujak 2026. &#8211; transparentnost Velja\u010da 2026. &#8211; transparentnost Sije\u010danj 2026. &#8211; transparentnost Prosinac 2025. &#8211; transparentnost Studeni 2025. &#8211; transparentnost Listopad 2025. &#8211; transparentnost Rujan 2025. &#8211; transparentnost Kolovoz 2025. &#8211; transparentnost Srpanj 2025. &#8211; transparentnost Lipanj 2025. &#8211; transparentnost Svibanj 2025. &#8211; transparentnost Travanj 2025. &#8211; transparentnost O\u017eujak 2025. &#8211; transparentnost Velja\u010da 2025. &#8211;&hellip;<\/p>\n","protected":false},"author":2,"featured_media":0,"parent":0,"menu_order":0,"comment_status":"closed","ping_status":"closed","template":"","meta":{"ngg_post_thumbnail":0,"_links_to":"","_links_to_target":""},"_links":{"self":[{"href":"https:\/\/gav.hr\/index.php?rest_route=\/wp\/v2\/pages\/12561"}],"collection":[{"href":"https:\/\/gav.hr\/index.php?rest_route=\/wp\/v2\/pages"}],"about":[{"href":"https:\/\/gav.hr\/index.php?rest_route=\/wp\/v2\/types\/page"}],"author":[{"embeddable":true,"href":"https:\/\/gav.hr\/index.php?rest_route=\/wp\/v2\/users\/2"}],"replies":[{"embeddable":true,"href":"https:\/\/gav.hr\/index.php?rest_route=%2Fwp%2Fv2%2Fcomments&post=12561"}],"version-history":[{"count":33,"href":"https:\/\/gav.hr\/index.php?rest_route=\/wp\/v2\/pages\/12561\/revisions"}],"predecessor-version":[{"id":13830,"href":"https:\/\/gav.hr\/index.php?rest_route=\/wp\/v2\/pages\/12561\/revisions\/13830"}],"wp:attachment":[{"href":"https:\/\/gav.hr\/index.php?rest_route=%2Fwp%2Fv2%2Fmedia&parent=12561"}],"curies":[{"name":"wp","href":"https:\/\/api.w.org\/{rel}","templated":true}]}}