{"id":4662,"date":"2018-02-07T07:15:01","date_gmt":"2018-02-07T07:15:01","guid":{"rendered":"http:\/\/gav.hr\/?page_id=4662"},"modified":"2026-04-15T15:28:34","modified_gmt":"2026-04-15T13:28:34","slug":"natjecaji","status":"publish","type":"page","link":"https:\/\/gav.hr\/?page_id=4662","title":{"rendered":"Natje\u010daji"},"content":{"rendered":"\n<p><strong>15.4.2026. izdan je natje\u010daj za radno mjesto:<\/strong><br>&#8211;<a href=\"http:\/\/gav.hr\/wp-content\/uploads\/2026\/04\/Natjecaj-za-zasnivanje-radnog-odnosa-operativni-djelatnik-za-sigurnost-i-civilnu-zastitu.pdf\">operativni djelatnik za sigurnost i civilnu za\u0161titu<\/a><strong> <\/strong><\/p>\n\n\n\n<p><strong>13.2.2026. izdan je natje\u010daj za radno mjesto:<\/strong><\/p>\n\n\n\n<p>&#8211;<a href=\"http:\/\/gav.hr\/wp-content\/uploads\/2026\/02\/Natjecaj-cistac-spremac.pdf\">sprema\u010dica<\/a><\/p>\n\n\n\n<p><strong>1.12.2025. izdan je natje\u010daj za radno mjesto:<\/strong><br>&#8211;<a href=\"http:\/\/gav.hr\/wp-content\/uploads\/2025\/12\/Natjecaj-cistac...spremac.pdf\">sprema\u010dica<\/a><br><br><strong>1. 12.2025. izdan je natje\u010daj za radno mjesto:<\/strong><br>&#8211;<a href=\"http:\/\/gav.hr\/wp-content\/uploads\/2025\/12\/Natjecaj-Biologija-i-Kemija.pdf\">nastavnik biologije i kemije<\/a><\/p>\n\n\n\n<p><strong>7. listopada 2025. izdan je natje\u010daj za radno mjesto:<\/strong><br>&#8211;<a href=\"http:\/\/gav.hr\/wp-content\/uploads\/2025\/10\/Natjecaj-Biologija-i-Kemija.pdf\">nastavnik biologije i kemije<\/a>  <\/p>\n\n\n\n<p> <strong>7. listopada 2025. izdan je natje\u010daj za radno mjesto:<\/strong><br>&#8211;<a href=\"http:\/\/gav.hr\/wp-content\/uploads\/2025\/10\/Natjecaj-Engleski-jezik.pdf\">nastavnik engleskog jezika<\/a> <\/p>\n\n\n\n<p> <strong>7. listopada 2025. izdan je natje\u010daj za radno mjesto:<\/strong><br>&#8211; <a href=\"http:\/\/gav.hr\/wp-content\/uploads\/2025\/10\/Natjecaj-Fizika.pdf\">nastavnik fizike<\/a><\/p>\n\n\n\n<p> <strong>7. listopada 2025. izdan je natje\u010daj za radno mjesto:<\/strong>  <br>&#8211; <a href=\"http:\/\/gav.hr\/wp-content\/uploads\/2025\/10\/Natjecaj-Kemija-1.pdf\">nastavnik kemije<\/a><\/p>\n\n\n\n<p> <strong>7. listopada 2025. izdan je natje\u010daj za radno mjesto:<\/strong>  <br>&#8211;<a href=\"http:\/\/gav.hr\/wp-content\/uploads\/2025\/10\/Natjecaj-Kemija-2.pdf\">nastavnik kemije<\/a> (9 sati u nastavi)<\/p>\n\n\n\n<p><strong>7. listopada 2025. izdan je natje\u010daj za radno mjesto:<\/strong> <br>&#8211;<a href=\"http:\/\/gav.hr\/wp-content\/uploads\/2025\/10\/Natjecaj-Matematika.pdf\">nastavnik matematike<\/a><\/p>\n\n\n\n<p><strong>7. listopada 2025. izdan je natje\u010daj za radno mjesto:<\/strong><br>&#8211;<a href=\"http:\/\/gav.hr\/wp-content\/uploads\/2025\/10\/Natjecaj-Strucni-suradnik-psiholog.pdf\">stru\u010dni suradnik-psiholog<\/a><\/p>\n\n\n\n<p><strong>2. listopada 2025. izdan je natje\u010daj za radno mjesto:<\/strong><br>&#8211;<a href=\"http:\/\/gav.hr\/wp-content\/uploads\/2025\/10\/Natjecaj-za-radno-mjesto-strucni-radnik-na-tehnickom-odrzavanju-2.pdf\">stru\u010dni suradnik na tehni\u010dkom odr\u017eavanju<\/a><\/p>\n\n\n\n<p><strong>23. lipnja 2025. izdan je natje\u010daj za radno mjesto:<\/strong><br><strong>&#8211;<a href=\"http:\/\/gav.hr\/wp-content\/uploads\/2025\/06\/Natjecaj-LIK-2025..pdf\">nastavnik likovne umjetnosti (m\/\u017e)<\/a><\/strong><\/p>\n\n\n\n<p><strong>13. rujna 2024. izdan je natje\u010daj za radno mjesto:<\/strong><br>&#8211; <a href=\"http:\/\/gav.hr\/wp-content\/uploads\/2024\/09\/NATJECAJ-PSIHOLOG.pdf\">stru\u010dni suradnik (psiholog) i nastavnik psihologije<\/a><\/p>\n\n\n\n<p><strong>9. rujna 2024. izdan je natje\u010daj za radno mjesto:<\/strong><br>&#8211; <a href=\"http:\/\/gav.hr\/wp-content\/uploads\/2024\/09\/Natjecaj-kemija-2024..pdf\">nastavnik kemije<\/a><\/p>\n\n\n\n<p><strong>4. rujna 2024. izdan je natje\u010daj za radno mjesto:<br>&#8211;<a href=\"http:\/\/gav.hr\/wp-content\/uploads\/2024\/09\/Natjecaj-matematika-2024.-odredeno-nepuno-radno-vrijeme.pdf\">nastavnik matematike<\/a><\/strong><\/p>\n\n\n\n<p><strong>21. studenog 2023. izdan je natje\u010daj za radno mjesto:<br>&#8211;<a href=\"http:\/\/gav.hr\/wp-content\/uploads\/2023\/11\/Natjecaj-spremacica-2023..pdf\">sprema\u010dica<\/a><\/strong><\/p>\n\n\n\n<p><strong>6. listopada 2023. izdan je natje\u010daj za radno mjesto:<\/strong><br>&#8211;<a href=\"http:\/\/gav.hr\/wp-content\/uploads\/2023\/10\/Natjecaj-geografija-2023..pdf\"><strong>nastavnik geografije<\/strong><\/a><\/p>\n\n\n\n<p><strong>11. kolovoza 2023. izdan je natje\u010daj za radno mjesto:<br>&#8211;<a href=\"http:\/\/gav.hr\/wp-content\/uploads\/2023\/08\/Scan.pdf\">ravnatelj\/ravnateljica&nbsp;<\/a><br><br>4. kolovoz 2023. &#8211; <a href=\"http:\/\/gav.hr\/wp-content\/uploads\/2023\/08\/Odluka-o-ponistenju-odluke-o-imenovanju.pdf\">odluka o poni\u0161tenju odluke o imenovanju ravnatelja<\/a><\/strong><\/p>\n\n\n\n<p><strong>26. srpnja 2023. izdan je natje\u010daj za radno mjesto:<\/strong><br>&#8211;<a href=\"http:\/\/gav.hr\/wp-content\/uploads\/2023\/07\/Natjecaj-PDF.pdf\"><strong>domar\/kotlovni\u010dar<\/strong><\/a><\/p>\n\n\n\n<p><strong>10. srpnja 2023. izdan je natje\u010daj za radno mjesto:<\/strong><br>&#8211; <strong><a href=\"http:\/\/gav.hr\/wp-content\/uploads\/2023\/07\/Natjecaj-kemija-2023..pdf\">nastavnik kemije<\/a><\/strong><\/p>\n\n\n\n<p><strong>14. lipnja 2023. izdan je natje\u010daj za radno mjesto: <br>&#8211; <\/strong><a href=\"http:\/\/gav.hr\/wp-content\/uploads\/2023\/06\/Natjecaj-voditeljica-racunovodstva-2023..pdf\">voditelj\/icu ra\u010dunovodstva<\/a><\/p>\n\n\n\n<p><strong>9. lipnja 2023. izdan je natje\u010daj za radno mjesto:<\/strong><br>&#8211; <a href=\"http:\/\/gav.hr\/wp-content\/uploads\/2023\/06\/Natjecaj-za-ravnatelja-GAV-Sibenik-2023..pdf\">ravnatelj\/ica<\/a><\/p>\n\n\n\n<p><strong>1.o\u017eujka 2023. izdan je natje\u010daj za radno mjesto:<\/strong><br>&#8211;<a href=\"http:\/\/gav.hr\/wp-content\/uploads\/2023\/03\/Natjecaj-domar-kotlovnicar-2023..pdf\">domar\/kotlovni\u010dar<\/a><\/p>\n\n\n\n<p><strong>20.sije\u010dnja 2023. izdan je natje\u010daj za radno mjesto:<\/strong><br>&#8211;<a href=\"http:\/\/gav.hr\/wp-content\/uploads\/2023\/01\/Natjecaj-LIK-2023-.pdf\">nastavnik likovne umjetnosti<\/a><\/p>\n\n\n\n<p><strong>2. studenog 2022.<\/strong> <strong>izdan je natje\u010daj za radno mjesto:<\/strong><br>&#8211; <a href=\"http:\/\/gav.hr\/wp-content\/uploads\/2022\/11\/Natjecaj-matematika.pdf\">nastavnik\/ca matematike<\/a><\/p>\n\n\n\n<p><strong>5. rujna 2022. izdan je natje\u010daj za radno mjesto:<br>&nbsp;&#8211; <\/strong><a href=\"http:\/\/gav.hr\/wp-content\/uploads\/2022\/09\/Natjecaj-biologija-i-kemija-2022..pdf\">nastavnik biologije i kemije<\/a><strong><br>28.6.2022. izdan je natje\u010daj za radno mjesto:<br>&#8211;<\/strong> <a href=\"http:\/\/gav.hr\/wp-content\/uploads\/2022\/06\/Natjecaj-strucni-suradnik-psiholog-i-nastavnik-psihologije.pdf\">stru\u010dni suradnik psiholog i nastavnik psihologije<\/a><strong><br>8.3.2022. izdan je natje\u010daj za radno mjesto:<\/strong><br>&#8211; <a href=\"http:\/\/gav.hr\/wp-content\/uploads\/2022\/03\/Tekst-natjecaja-TZK.pdf\">nastavnik tjelesne i zdravstvene kulture<\/a><\/p>\n\n\n\n<p><b>19.1.2022. izdani su natje\u010daji za radno mjesto:<\/b><br>&#8211; <a href=\"http:\/\/gav.hr\/wp-content\/uploads\/2022\/01\/NATJE\u010cAJ-PSIHOLOG-I-NASTAVNIK-PSIHOLOGIJE.pdf\">stru\u010dni suradnik psiholog i nastavnik psihologije<\/a><br>&#8211; <a href=\"http:\/\/gav.hr\/wp-content\/uploads\/2022\/01\/NATJE\u010cAJ-KNJI\u017dNI\u010cAR-1.pdf\">stru\u010dni suradnik &#8211; \u0161kolski knji\u017eni\u010dar<\/a><\/p>\n\n\n\n<p>25.11.2021. izdan je natje\u010daj za radno mjesto:<br>&#8211; <a href=\"http:\/\/gav.hr\/wp-content\/uploads\/2021\/11\/Natje\u010daj-voditeljica-ra\u010dunovodstva.pdf\">Voditelj\/ica ra\u010dunovodstva<\/a><\/p>\n\n\n\n<p><strong>3.9.2021. izdan je natje\u010daj za radno mjesto:<\/strong><br>&nbsp;&#8211; <a href=\"http:\/\/gav.hr\/wp-content\/uploads\/2021\/09\/Natje\u010daj-knji\u017eni\u010dar.pdf\">stru\u010dni suradnik\/\u0161kolski knji\u017eni\u010dar<\/a><\/p>\n\n\n\n<p><strong>31. 8. 2021. izdani su natje\u010daji za radna mjesta:<\/strong><br>&#8211; <a href=\"http:\/\/gav.hr\/wp-content\/uploads\/2021\/09\/NATJE\u010cAJ-BIOLOGIJA-I-KEMIJA.pdf\">nastavnik (m\/\u017e) biologije i kemije&nbsp;<\/a><br>&#8211; <a href=\"http:\/\/gav.hr\/wp-content\/uploads\/2021\/09\/NATJE\u010cAJ-PSIHOLOG.pdf\">stru\u010dni suradnik (m\/\u017e) psiholog i nastavnik psihologije&nbsp;<\/a><br>&#8211; <a href=\"http:\/\/gav.hr\/wp-content\/uploads\/2021\/09\/NATJE\u010cAJ-LIKOVNA-UMJETNOST.pdf\">nastavnik (m\/\u017e) likovne umjetnosti&nbsp;<\/a><br>&#8211; <a href=\"http:\/\/gav.hr\/wp-content\/uploads\/2021\/09\/NATJE\u010cAJ-KNJI\u017dNI\u010cAR.pdf\">stru\u010dni suradnik\/\u0161kolski knji\u017eni\u010dar (m\/\u017e)<\/a><br>&#8211; <a href=\"http:\/\/gav.hr\/wp-content\/uploads\/2021\/09\/NATJE\u010cAJ-GLAZBENA-UMJETNOST-1.pdf\">nastavnik (m\/\u017e) glazbene umjetnosti<\/a><\/p>\n\n\n\n<p><strong>25.8.2021. izdan je natje\u010daj za radno mjesto:<\/strong><br>&nbsp;&#8211; <a href=\"http:\/\/gav.hr\/wp-content\/uploads\/2021\/08\/Natje\u010daj-engleski-jezik.pdf\">nastavnik (m\/\u017e) engleskog jezika<\/a><\/p>\n\n\n\n<p><strong>14.1.2021. izdan je natje\u010daj za radno mjesto:<br>&#8211; <a href=\"http:\/\/gav.hr\/wp-content\/uploads\/2021\/01\/Natje\u010daj-glazbena-umjetnost.pdf\">nastavnik (m\/\u017e) glazbene umjetnosti<\/a><\/strong><\/p>\n\n\n\n<p><strong>23.12.2020. izdan je natje\u010daj za radno mjesto:<\/strong><br>&#8211; <a href=\"http:\/\/gav.hr\/wp-content\/uploads\/2020\/12\/Natje\u010daj-matematika.pdf\">nastavnik (m\/\u017e) matematike<\/a><\/p>\n\n\n\n<p><strong>7.12.2020. izdan je natje\u010daj za radno mjesto:<\/strong><br>&#8211; <a href=\"http:\/\/gav.hr\/wp-content\/uploads\/2020\/12\/Natje\u010daj-Fizika.pdf\">nastavnik (m\/\u017e) fizike<\/a><\/p>\n\n\n\n<p><strong>3.12.2020. izdan je natje\u010daj za radno mjesto:<\/strong><br>&#8211;<a href=\"http:\/\/gav.hr\/wp-content\/uploads\/2020\/12\/Natje\u010daj-stru\u010dni-suradnik-psiholog-i-nastavnik-psihologije.pdf\">stru\u010dni suradnik psiholog i nastavnik psihologije<\/a><\/p>\n\n\n\n<p><strong style=\"font-size: inherit;\">30.09.2020. izdan je natje\u010daj za radno mjesto:<br><\/strong>&#8211; <a href=\"http:\/\/gav.hr\/wp-content\/uploads\/2020\/09\/Natje\u010daj-Fizika.pdf\">nastavnik (m\/\u017e) fizike<\/a><\/p>\n\n\n\n<p><strong>29.09.2020. izdan je natje\u010daj za radno mjesto:<\/strong><strong><br><\/strong><a href=\"http:\/\/gav.hr\/wp-content\/uploads\/2020\/09\/Natje\u010daj-engleski-i-talijanski-jezika.pdf\">&#8211; nastavnik (m\/\u017e) engleskog i talijanskog jezika<\/a><\/p>\n\n\n\n<p><strong>22.09.2020. izdani su natje\u010daji za radna mjesta:<br><\/strong>&#8211; <a href=\"http:\/\/gav.hr\/wp-content\/uploads\/2020\/09\/NATJE\u010cAJ-KNJI\u017dNI\u010cAR-2020.docx\">stru\u010dni suradnik\/\u0161kolski knji\u017eni\u010dar (m\/\u017e)<\/a><strong><br><\/strong>&#8211; <a href=\"http:\/\/gav.hr\/wp-content\/uploads\/2020\/09\/NATJE\u010cAJ-PSIHOLOG-2020.docx\">nastavnik (m\/\u017e) psihologije<\/a><\/p>\n\n\n\n<p><strong>13.08.2020. izdani su natje\u010daji za radna mjesta:<\/strong><\/p>\n\n\n\n<p>&nbsp;&#8211; <a href=\"http:\/\/gav.hr\/wp-content\/uploads\/2020\/08\/1.NATJE\u010cAJ-FIZIKA-2020.docx\">nastavnik (m\/\u017e) fizike<\/a><br>&nbsp;&#8211; <a href=\"http:\/\/gav.hr\/wp-content\/uploads\/2020\/08\/NATJE\u010cAJ-BIOLOGIJA-I-KEMIJA-2020.docx\">nastavnik (m\/\u017e) biologije i kemije<\/a><br>&nbsp;&#8211; <a href=\"http:\/\/gav.hr\/wp-content\/uploads\/2020\/08\/NATJE\u010cAJ-ENGLESKI-JEZIK-2020.docx\">nastavnik (m\/\u017e) engleskog jezika<\/a><br>&nbsp;&#8211; <a href=\"http:\/\/gav.hr\/wp-content\/uploads\/2020\/08\/NATJE\u010cAJ-ETIKA-2020.docx\">nastavnik (m\/\u017e) etike<\/a><br>&nbsp;&#8211; <a href=\"http:\/\/gav.hr\/wp-content\/uploads\/2020\/08\/NATJE\u010cAJ-GLAZBENA-UMJETNOST-2020.docx\">nastavnik (m\/\u017e) glazbene umjetnosti<\/a><br>&nbsp;&#8211; <a href=\"http:\/\/gav.hr\/wp-content\/uploads\/2020\/08\/NATJE\u010cAJ-LIKOVNA-UMJETNOST-2020.docx\">nastavnik (m\/\u017e) likovne umjetnosti<\/a><br>&nbsp;&#8211; <a href=\"http:\/\/gav.hr\/wp-content\/uploads\/2020\/08\/NATJE\u010cAJ-MATEMATIKA-2020.docx\">nastavnik (m\/\u017e) matematike<\/a><br>&nbsp;&#8211; <a href=\"http:\/\/gav.hr\/wp-content\/uploads\/2020\/08\/NATJE\u010cAJ-MATEMATIKA-2020-2.docx\">nastavnik (m\/\u017e) matematike<\/a><br>&nbsp;&#8211; <a href=\"http:\/\/gav.hr\/wp-content\/uploads\/2020\/08\/NATJE\u010cAJ-TALIJANSKI-JEZIK-2020.docx\">nastavnik (m\/\u017e) talijanskog jezika<\/a><\/p>\n\n\n\n<p><strong>10.03.2020. izdan je natje\u010daj za radno mjesto:<\/strong><\/p>\n\n\n\n<p>&#8211; <a href=\"http:\/\/gav.hr\/wp-content\/uploads\/2020\/03\/Natje\u010daj-latinski-jezik.pdf\">nastavnik (m\/\u017e) latinskog jezika<\/a><\/p>\n\n\n\n<p><strong>09.03.2020. izdani su natje\u010daji za radna mjesta:<\/strong><\/p>\n\n\n\n<p>&#8211; <a href=\"http:\/\/gav.hr\/wp-content\/uploads\/2020\/03\/Natje\u010daj-fizika.pdf\">nastavnik (m\/\u017e) fizike<\/a><br>&#8211; <a href=\"http:\/\/gav.hr\/wp-content\/uploads\/2020\/03\/Natje\u010daj-informatika.pdf\">nastavnik (m\/\u017e) informatike<\/a><\/p>\n\n\n\n<p><strong>30.01.2020. izdan je natje\u010daj za radno mjesto:<\/strong><\/p>\n\n\n\n<p>&#8211; <a href=\"http:\/\/gav.hr\/wp-content\/uploads\/2020\/01\/Natje\u010daj-engleski-jezik.pdf\">nastavnik (m\/\u017e) engleskog jezika<\/a><br>&#8211; <a href=\"http:\/\/gav.hr\/wp-content\/uploads\/2020\/02\/1-Engleski-jezik-SADR\u017dAJ-I-NA\u010cIN-TESTIRANJA-PRAVNI-I-DRUGI-IZVORI-2020.docx\">sadr\u017eaj i na\u010din testiranja,pravni i drugi izvori za pripremanje kandidata<\/a><\/p>\n\n\n\n<p><strong>11.10.2019. izdan je natje\u010daj za radno mjesto:<\/strong><\/p>\n\n\n\n<p>&#8211;&nbsp;<a href=\"http:\/\/gav.hr\/wp-content\/uploads\/2019\/10\/Natje\u010daj-biologija-i-kemija.pdf\">nastavnik (m\/\u017e) biologije i kemije<\/a><br>&#8211; <a href=\"http:\/\/gav.hr\/wp-content\/uploads\/2019\/10\/Natje\u010daj-biologija.pdf\">nastavnik (m\/\u017e) biologije<\/a><br>&#8211; <a href=\"http:\/\/gav.hr\/wp-content\/uploads\/2019\/10\/Natje\u010daj-engleski-jezik.pdf\">nastavnik (m\/\u017e) engleskog jezika<\/a><br>&#8211; <a href=\"http:\/\/gav.hr\/wp-content\/uploads\/2019\/10\/Natje\u010daj-fizika-1.pdf\">nastavnik (m\/\u017e) fizike<\/a><br>&#8211; <a href=\"http:\/\/gav.hr\/wp-content\/uploads\/2019\/10\/Natje\u010daj-fizika-2.pdf\">nastavnik (m\/\u017e) fizike<\/a><br>&#8211; <a href=\"http:\/\/gav.hr\/wp-content\/uploads\/2019\/10\/Natje\u010daj-informatika.pdf\">nastavnik (m\/\u017e) informatike<\/a><br>&#8211; <a href=\"http:\/\/gav.hr\/wp-content\/uploads\/2019\/10\/Natje\u010daj-knji\u017eni\u010dar.pdf\">stru\u010dni suradnik\/\u0161kolski knji\u017eni\u010dar (m\/\u017e)<\/a><br>&#8211; <a href=\"http:\/\/gav.hr\/wp-content\/uploads\/2019\/10\/Natje\u010daj-likovna-umjetnost.pdf\">nastavnik (m\/\u017e) likovne umjetnosti<\/a><br>&#8211; <a href=\"http:\/\/gav.hr\/wp-content\/uploads\/2019\/10\/Natje\u010daj-matematika.pdf\">nastavnik (m\/\u017e) matematike<\/a><br>&#8211; <a href=\"http:\/\/gav.hr\/wp-content\/uploads\/2019\/10\/Natje\u010daj-njema\u010dki-jezik.pdf\">nastavnik (m\/\u017e) njema\u010dkog jezika<\/a><br>&#8211; <a href=\"http:\/\/gav.hr\/wp-content\/uploads\/2019\/10\/Natje\u010daj-psiholog.pdf\">stru\u010dni suradnik\/psiholog (m\/\u017e)<\/a><br>&#8211; <a href=\"http:\/\/gav.hr\/wp-content\/uploads\/2019\/10\/Natje\u010daj-talijanski-jezik.pdf\">nastavnik (m\/\u017e) talijanskog jezika<\/a><\/p>\n\n\n\n<p><strong>NATJE\u010cAJI DO 1. RUJNA 2019.:<\/strong><\/p>\n\n\n\n<p><b>Natje\u010daj za ravnatelja\/icu Gimnazije Antuna Vran\u010di\u0107a objavljen u \u201eNarodnim novinama\u201c od 31. srpnja 2019.:<\/b><\/p>\n\n\n\n<p>&#8211; <a href=\"http:\/\/gav.hr\/wp-content\/uploads\/2019\/08\/GAV-kona\u010dni-natje\u010daj-ravnatelj-2019-2.pdf\">Natje\u010daj za izbor i imenovanje ravnatelja\/ravnateljice<\/a><\/p>\n\n\n\n<p>21.6.2019. izdan je natje\u010daj za izbor i imenovanje ravnatelja\/ravnateljice:<\/p>\n\n\n\n<p>&#8211; <a href=\"http:\/\/gav.hr\/wp-content\/uploads\/2019\/06\/GAV-natje\u010daj-ravnatelj-ica-2019.pdf\">Natje\u010daj za izbor i imenovanje ravnatelja\/ravnateljice<\/a><br>&#8211; <a href=\"http:\/\/gav.hr\/wp-content\/uploads\/2019\/06\/Odluka-o-raspisivanju-natje\u010daja-za-ravnateljaicu-2019.pdf\">Odluka o raspisivanju natje\u010daja za ravnatelja\/ravnateljicu<\/a><\/p>\n\n\n\n<p>20.03.2019. izdan je natje\u010daj za radno mjesto:<\/p>\n\n\n\n<p>&#8211; <a href=\"http:\/\/gav.hr\/wp-content\/uploads\/2019\/03\/Natje\u010daj-informatika-20-sati-1.pdf\">nastavnik (m\/\u017e) informatike (20 sati tjedno)<\/a><br>&#8211; <a href=\"http:\/\/gav.hr\/wp-content\/uploads\/2019\/03\/Natje\u010daj-informatika-14-sati.pdf\">nastavnik (m\/\u017e) informatike (14 sati tjedno)<\/a><\/p>\n\n\n\n<p><a href=\"http:\/\/gav.hr\/wp-content\/uploads\/2019\/05\/Obavijest-za-web-nakon-natje\u010daja.pdf\">Obavijest o izboru kandidata<\/a><\/p>\n\n\n\n<p>12.10.2018. izdan je natje\u010daj za radno mjesto:<br>&#8211; <a href=\"http:\/\/gav.hr\/wp-content\/uploads\/2018\/10\/Natje\u010daj-BIOLOGIJA.pdf\">nastavnik (m\/\u017e) biologije<\/a><br>&#8211; <a href=\"http:\/\/gav.hr\/wp-content\/uploads\/2018\/10\/Natje\u010daj-ENGLESKI-JEZIK.pdf\">nastavnik (m\/\u017e) engleskog jezika<\/a><br>&#8211; <a href=\"http:\/\/gav.hr\/wp-content\/uploads\/2018\/10\/Natje\u010daj-INFORMATIKA-16-SATI.pdf\">nastavnik (m\/\u017e) informatike (16 sati tjedno)<\/a><br>&#8211; <a href=\"http:\/\/gav.hr\/wp-content\/uploads\/2018\/10\/Natje\u010daj-INFORMATIKA-18-SATI.pdf\">nastavnik (m\/\u017e) informatike (18 sati tjedno)<\/a><br>&#8211; <a href=\"http:\/\/gav.hr\/wp-content\/uploads\/2018\/10\/Natje\u010daj-KEMIJA.pdf\">nastavnik (m\/\u017e) kemije<\/a><br>&#8211; <a href=\"http:\/\/gav.hr\/wp-content\/uploads\/2018\/10\/Natje\u010daj-TALIJANSKI-J..pdf\">nastavnik (m\/\u017e) talijanskog jezika<\/a><br>&#8211; <a href=\"http:\/\/gav.hr\/wp-content\/uploads\/2018\/10\/Natje\u010daj-KNJI\u017dNI\u010cAR.pdf\">knji\u017eni\u010dar\/ka (m\/\u017e)<\/a><\/p>\n\n\n\n<p><a href=\"http:\/\/gav.hr\/wp-content\/uploads\/2018\/11\/Obavijest-o-izboru-kandidata-po-natje\u010daju.pdf\">Obavijest o izboru kandidata<\/a><\/p>\n\n\n\n<p><a href=\"http:\/\/gav.hr\/wp-content\/uploads\/2018\/02\/Natje\u010daj-2018-upisi.pdf\">Natje\u010daj za upis u \u0161k. god. 2018.\/2019.<\/a><\/p>\n\n\n\n<p class=\"has-text-align-left\">24.11.2017. izdan je natje\u010daj za radno mjesto: &#8211;&nbsp;<a href=\"http:\/\/gav.hr\/wp-content\/uploads\/2015\/01\/Natje\u010daj-ENGLESKI-2017.1.doc\">nastavnik (m\/\u017e) engleskog jezika<\/a><\/p>\n\n\n\n<p>25.10.2017. izdan je natje\u010daj za radno mjesto:<br>&#8211;&nbsp;<a href=\"http:\/\/gav.hr\/wp-content\/uploads\/2015\/01\/Natje\u010daj-BIOLOGIJA-2017.-2.doc\">nastavnik (m\/\u017e) biologije<\/a><br>&#8211;&nbsp;<a href=\"http:\/\/gav.hr\/wp-content\/uploads\/2015\/01\/Natje\u010daj-BIOLOGIJA-I-KEMIJA-2017..doc\">nastavnik (m\/\u017e) biologije i kemije<\/a><br>&#8211;&nbsp;<a href=\"http:\/\/gav.hr\/wp-content\/uploads\/2015\/01\/Natje\u010daj-BIOLOGIJA-I-KEMIJA-2017.-2.doc\">nastavnik (m\/\u017e) biologije i kemije <\/a><br>&#8211;&nbsp;<a href=\"http:\/\/gav.hr\/wp-content\/uploads\/2015\/01\/Natje\u010daj-ENGLESKI-2017..doc\">nastavnik (m\/\u017e) engleskog jezika <\/a><br>&#8211;&nbsp;<a href=\"http:\/\/gav.hr\/wp-content\/uploads\/2015\/01\/Natje\u010daj-ENGLESKI-I-TALIJANSKI-2017..doc\">nastavnik (m\/\u017e) engleskog i talijanskog jezika<\/a><br><strong><em>&nbsp;&#8211;&nbsp;<\/em><\/strong><a href=\"http:\/\/gav.hr\/wp-content\/uploads\/2015\/01\/Natje\u010daj-MATEMATIKA-2017.-2.doc\">nastavnik (m\/\u017e) matematike <\/a><\/p>\n\n\n\n<p>17.10.2017. izdan je natje\u010daj za radno mjesto:<br>&#8211;&nbsp;<a href=\"http:\/\/gav.hr\/wp-content\/uploads\/2015\/01\/Natje\u010daj-glazbeni-2017..doc\">nastavnik (m\/\u017e) glazbene umjetnosti<\/a><strong><br><\/strong>&#8211;&nbsp;<a href=\"http:\/\/gav.hr\/wp-content\/uploads\/2015\/01\/Natje\u010daj-etika-2017..doc\">nastavnik (m\/\u017e) etike<\/a><br>&#8211;&nbsp;<a href=\"http:\/\/gav.hr\/wp-content\/uploads\/2015\/01\/Natje\u010daj-geografija-2017..doc\">nastavnik (m\/\u017e) geografije<\/a><br>&#8211;&nbsp;<a href=\"http:\/\/gav.hr\/wp-content\/uploads\/2015\/01\/Natje\u010daj-knji\u017eni\u010dar-2017..doc\">knji\u017eni\u010dar\/ka (m\/\u017e)<\/a><\/p>\n\n\n\n<p>2.6.2017. izdan je natje\u010daj za&nbsp;<a href=\"http:\/\/gav.hr\/wp-content\/uploads\/2015\/01\/Natje\u010daj-LIK-1.6.-2017-001.pdf\">nastavnika (m\/\u017e) likovne umjetnosti<\/a><\/p>\n\n\n\n<p>29.3.2017. izdan je natje\u010daj za radno mjesto&nbsp;<a href=\"http:\/\/gav.hr\/wp-content\/uploads\/2015\/01\/convert-jpg-to-pdf.net_2017-03-29_17-08-13.pdf\">knji\u017eni\u010dar\/ka<\/a><\/p>\n\n\n\n<p>15.12.2016. izdan je natje\u010daj za radno mjesto&nbsp;<a href=\"http:\/\/gav.hr\/wp-content\/uploads\/2015\/01\/Natje\u010daj-glazbeni-2016..doc\">nastavnik(m\/\u017e) glazbene umjetnosti<\/a><\/p>\n\n\n\n<p>1.12.2016. izdan je natje\u010daj za radno mjesto:<br>&#8211;&nbsp;<a href=\"http:\/\/gav.hr\/wp-content\/uploads\/2015\/01\/Natje\u010daj-etika-2016..doc\">nastavnik (m\/\u017e) etike<\/a><br>&#8211;&nbsp;<a href=\"http:\/\/gav.hr\/wp-content\/uploads\/2015\/01\/Natje\u010daj-sociologija-2016..doc\">nastavnik (m\/\u017e) sociologije i PiG-a<\/a><br>&#8211;&nbsp;<a href=\"http:\/\/gav.hr\/wp-content\/uploads\/2015\/01\/Natje\u010daj-povijest-2016..doc\">nastavnik (m\/\u017e) povijesti<\/a><\/p>\n\n\n\n<p>30.11.2016.izdan je natje\u010daj za radno mjesto:<br>&#8211; <a href=\"http:\/\/gav.hr\/wp-content\/uploads\/2015\/01\/Natje\u010daj-engl.-i-talij.-3.doc\">nastavnik (m\/\u017e) engleskog i talijanskog jezika<\/a>&nbsp;(12 sati u nastavi tjedno)<br>&#8211;&nbsp;<a href=\"http:\/\/gav.hr\/wp-content\/uploads\/2015\/01\/Natje\u010daj-engl.-i-talij.-1.doc\">nastavnik (m\/\u017e) engleskog i talijanskog jezika<\/a>&nbsp;(puno radno vrijeme)<br>&#8211;&nbsp;<a href=\"http:\/\/gav.hr\/wp-content\/uploads\/2015\/01\/Natje\u010daj-engl.-i-talij..doc\">nastavnik (m\/\u017e) engleskog i talijanskog jezika <\/a>(15 sati u nastavi tjedno)<br>&#8211;&nbsp;<a href=\"http:\/\/gav.hr\/wp-content\/uploads\/2015\/01\/Natje\u010daj-talij.-2.doc\">nastavnik (m\/\u017e) talijanskog jezika<\/a><\/p>\n\n\n\n<p>24.11. 2016.&nbsp;<a href=\"http:\/\/gav.hr\/wp-content\/uploads\/2015\/01\/Odluka-poni\u0161tenje-natje\u010daja-001.pdf\">Odluka o poni\u0161tenju natje\u010daja<\/a>&nbsp;za radno mjesto nastavnik(m\/\u017e) kemije i radno mjesto&nbsp;nastavnik(m\/\u017e)&nbsp;biologije<\/p>\n\n\n\n<p>24.11.2016.&nbsp;izdan je natje\u010daj za radno mjesto:<br>&#8211;&nbsp;<a href=\"http:\/\/gav.hr\/wp-content\/uploads\/2015\/01\/Natje\u010daj-LIK-2016..doc\">nastavnik (m\/\u017e) likovne umjetnosti<\/a><br>&#8211;&nbsp;<a href=\"http:\/\/gav.hr\/wp-content\/uploads\/2015\/01\/Natje\u010daj-geografija-2016..doc\">nastavnik (m\/\u017e) geografije<\/a><br>&#8211;&nbsp;<a href=\"http:\/\/gav.hr\/wp-content\/uploads\/2015\/01\/Natje\u010daj-mat.-2016..doc\">nastavnik (m\/\u017e) matematike<\/a><br>&#8211;&nbsp;<a href=\"http:\/\/gav.hr\/wp-content\/uploads\/2015\/01\/Natje\u010daj-fizika-2016..doc\">nastavnik (m\/\u017e) fizike<br><\/a>&#8211;&nbsp;<a href=\"http:\/\/gav.hr\/wp-content\/uploads\/2015\/01\/Natjecaj-kemija-001.pdf\">nastavnik (m\/\u017e) kemije<br><\/a>&#8211;&nbsp;<a href=\"http:\/\/gav.hr\/wp-content\/uploads\/2015\/01\/Natjecaj-biologija-001.pdf\">nastavnik (m\/\u017e) biologije<\/a><\/p>\n\n\n\n<p>Izdan je natje\u010daj za <a href=\"http:\/\/gav.hr\/wp-content\/uploads\/2015\/01\/Natje\u010daj-ravnatelj.pdf\">ravnatelja<\/a>.<\/p>\n\n\n\n<p>20.6.2016. izdan je natje\u010daj za <a href=\"http:\/\/gav.hr\/wp-content\/uploads\/2015\/01\/informatika.pdf\">informatiku<\/a><\/p>\n\n\n\n<p>28.4.2016. izdan je natje\u010daj za <a href=\"http:\/\/gav.hr\/wp-content\/uploads\/2015\/01\/Natje\u010daj-likovna-umjetnost.pdf\">likovnu umjetnost<\/a><\/p>\n\n\n\n<p>2.2.2016. izdan je natje\u010daj za <a href=\"http:\/\/gav.hr\/wp-content\/uploads\/2015\/01\/Natje\u010daj-geogr.-i-engl.talij_..doc\">geografiju i engleski i talijanski jezik<\/a><\/p>\n\n\n\n<p>11.9.2015. izdan je natje\u010daj za <a href=\"http:\/\/gav.hr\/wp-content\/uploads\/2015\/01\/informatika.jpg\">informatiku<\/a><\/p>\n\n\n\n<p>21.4.2015. izdan je natje\u010daj za&nbsp;<a href=\"http:\/\/gav.hr\/wp-content\/uploads\/2015\/01\/Natje\u010daj-ravnatelj.docx\">ravnatelja<\/a>.<\/p>\n\n\n\n<p>11.2.2015. izdan je natje\u010daj za &nbsp;<a href=\"http:\/\/gav.hr\/wp-content\/uploads\/2015\/01\/TZK.pdf\">TZK<\/a>.<\/p>\n\n\n\n<p>3.2.2015. izdan je natje\u010daj za&nbsp;<a href=\"http:\/\/gav.hr\/wp-content\/uploads\/2015\/01\/engleski-i-talijanski-jezik.pdf\">engleski i talijanski jezik<\/a>&nbsp;kao grupu predmeta.<\/p>\n\n\n\n<p>21.01.2015. izdan je natje\u010daj: &nbsp;<a href=\"http:\/\/gav.hr\/wp-content\/uploads\/2015\/01\/geografija.doc\">geografija<\/a>&nbsp; i&nbsp; <a href=\"http:\/\/gav.hr\/wp-content\/uploads\/2015\/01\/informatika-i-matematika.doc\">informatika i matematika<\/a>.<\/p>\n\n\n\n<div class=\"wp-block-file\"><a href=\"http:\/\/gav.hr\/wp-content\/uploads\/2019\/03\/Natje\u010daj-informatika-20-sati.pdf\"><br><\/a><a href=\"http:\/\/gav.hr\/wp-content\/uploads\/2019\/03\/Natje\u010daj-informatika-20-sati.pdf\" class=\"wp-block-file__button\" download><\/a><\/div>\n","protected":false},"excerpt":{"rendered":"<p>15.4.2026. izdan je natje\u010daj za radno mjesto:&#8211;operativni djelatnik za sigurnost i civilnu za\u0161titu 13.2.2026. izdan je natje\u010daj za radno mjesto: &#8211;sprema\u010dica 1.12.2025. izdan je natje\u010daj za radno mjesto:&#8211;sprema\u010dica 1. 12.2025. izdan je natje\u010daj za radno mjesto:&#8211;nastavnik biologije i kemije 7. listopada 2025. izdan je natje\u010daj za radno mjesto:&#8211;nastavnik biologije i kemije 7. listopada 2025. izdan&hellip;<\/p>\n","protected":false},"author":2,"featured_media":0,"parent":0,"menu_order":0,"comment_status":"closed","ping_status":"closed","template":"","meta":{"ngg_post_thumbnail":0,"_links_to":"","_links_to_target":""},"_links":{"self":[{"href":"https:\/\/gav.hr\/index.php?rest_route=\/wp\/v2\/pages\/4662"}],"collection":[{"href":"https:\/\/gav.hr\/index.php?rest_route=\/wp\/v2\/pages"}],"about":[{"href":"https:\/\/gav.hr\/index.php?rest_route=\/wp\/v2\/types\/page"}],"author":[{"embeddable":true,"href":"https:\/\/gav.hr\/index.php?rest_route=\/wp\/v2\/users\/2"}],"replies":[{"embeddable":true,"href":"https:\/\/gav.hr\/index.php?rest_route=%2Fwp%2Fv2%2Fcomments&post=4662"}],"version-history":[{"count":96,"href":"https:\/\/gav.hr\/index.php?rest_route=\/wp\/v2\/pages\/4662\/revisions"}],"predecessor-version":[{"id":13833,"href":"https:\/\/gav.hr\/index.php?rest_route=\/wp\/v2\/pages\/4662\/revisions\/13833"}],"wp:attachment":[{"href":"https:\/\/gav.hr\/index.php?rest_route=%2Fwp%2Fv2%2Fmedia&parent=4662"}],"curies":[{"name":"wp","href":"https:\/\/api.w.org\/{rel}","templated":true}]}}