{"id":6118,"date":"2019-02-26T16:09:07","date_gmt":"2019-02-26T16:09:07","guid":{"rendered":"http:\/\/gav.hr\/?page_id=6118"},"modified":"2026-04-26T19:53:15","modified_gmt":"2026-04-26T17:53:15","slug":"radio-gav","status":"publish","type":"page","link":"https:\/\/gav.hr\/?page_id=6118","title":{"rendered":"Kutak za osma\u0161e"},"content":{"rendered":"\n<p class=\"has-normal-font-size\">Ovaj dio web stranice zami\u0161ljen je kao promocija na\u0161e \u0161kole budu\u0107im srednjo\u0161kolcima, te da im pribli\u017eimo na\u0161u \u0161kolu i sve njene aktivnosti.<\/p>\n\n\n\n<div class=\"wp-block-image\"><figure class=\"aligncenter size-large is-resized\"><a href=\"http:\/\/gav.hr\/wp-content\/uploads\/2026\/04\/Brosura-2026..pdf\" target=\"_blank\" rel=\"noopener\"><img loading=\"lazy\" src=\"https:\/\/gav.hr\/wp-content\/uploads\/2022\/05\/Yellow-Science-Schoology-Button-1024x1024.png\" alt=\"\" class=\"wp-image-10762\" width=\"124\" height=\"124\" srcset=\"https:\/\/gav.hr\/wp-content\/uploads\/2022\/05\/Yellow-Science-Schoology-Button-1024x1024.png 1024w, https:\/\/gav.hr\/wp-content\/uploads\/2022\/05\/Yellow-Science-Schoology-Button-300x300.png 300w, https:\/\/gav.hr\/wp-content\/uploads\/2022\/05\/Yellow-Science-Schoology-Button-150x150.png 150w, https:\/\/gav.hr\/wp-content\/uploads\/2022\/05\/Yellow-Science-Schoology-Button-768x768.png 768w, https:\/\/gav.hr\/wp-content\/uploads\/2022\/05\/Yellow-Science-Schoology-Button-144x144.png 144w, https:\/\/gav.hr\/wp-content\/uploads\/2022\/05\/Yellow-Science-Schoology-Button.png 1080w\" sizes=\"(max-width: 124px) 100vw, 124px\" \/><\/a><\/figure><\/div>\n\n\n\n<p class=\"has-text-align-left has-normal-font-size\"><strong>Preuzmi letke<\/strong><\/p>\n\n\n\n<ul><li><a href=\"http:\/\/gav.hr\/wp-content\/uploads\/2026\/04\/PMG.pdf\">Prirodoslovno-matemati\u010dka gimnazija <\/a><\/li><li><a href=\"http:\/\/gav.hr\/wp-content\/uploads\/2026\/04\/JG.pdf\">Jezi\u010dna gimnazija<\/a><\/li><li><a href=\"http:\/\/gav.hr\/wp-content\/uploads\/2026\/04\/KG.pdf\">Klasi\u010dna gimnazija<\/a><\/li><li><a href=\"http:\/\/gav.hr\/wp-content\/uploads\/2026\/04\/OG.pdf\">Op\u0107a gimnazija<\/a><\/li><li><a href=\"http:\/\/gav.hr\/wp-content\/uploads\/2026\/04\/PG.pdf\">Prirodoslovna gimnazija<\/a><\/li><\/ul>\n\n\n\n<figure class=\"wp-block-embed is-type-video is-provider-youtube wp-block-embed-youtube wp-embed-aspect-16-9 wp-has-aspect-ratio\"><div class=\"wp-block-embed__wrapper\">\n<iframe loading=\"lazy\" title=\"PROMOTIVNI VIDEO Gimnazije Antuna Vran\u010di\u0107a\" width=\"640\" height=\"360\" src=\"https:\/\/www.youtube.com\/embed\/rZA4jh5yMnQ?feature=oembed\" frameborder=\"0\" allow=\"accelerometer; autoplay; clipboard-write; encrypted-media; gyroscope; picture-in-picture; web-share\" referrerpolicy=\"strict-origin-when-cross-origin\" allowfullscreen><\/iframe>\n<\/div><\/figure>\n\n\n\n<p class=\"has-text-align-center has-normal-font-size\"><a href=\"https:\/\/hr-hr.facebook.com\/422320341184116\/videos\/518188489057838\/\">Facebook<\/a>   <a href=\"https:\/\/www.instagram.com\/tv\/B-r2bXyHx1M\/?igshid=144pymemslqa\"> Instagram<\/a><\/p>\n\n\n<style type=\"text\/css\" scoped>.rbs_gallery_69f74b183c6feSpinner{\r\n\t\t\t\tmargin: 50px auto;\r\n\t\t\t\twidth: 50px;\r\n\t\t\t\theight: 40px;\r\n\t\t\t\ttext-align: center;\r\n\t\t\t\tfont-size: 10px;\r\n\t\t\t}\r\n\t\t\t.rbs_gallery_69f74b183c6feSpinner > div{\r\n\t\t\t  background-color: #333;\r\n\t\t\t  height: 100%;\r\n\t\t\t  width: 6px;\r\n\t\t\t  display: inline-block;\r\n\t\t\t  -webkit-animation: rbs_gallery_69f74b183c6fe-stretchdelay 1.2s infinite ease-in-out;\r\n\t\t\t  animation: rbs_gallery_69f74b183c6fe-stretchdelay 1.2s infinite ease-in-out;\r\n\t\t\t}\r\n\t\t\t.rbs_gallery_69f74b183c6feSpinner .rbs_gallery_69f74b183c6feRect2 {\r\n\t\t\t  -webkit-animation-delay: -1.1s;\r\n\t\t\t  animation-delay: -1.1s;\r\n\t\t\t}\r\n\t\t\t.rbs_gallery_69f74b183c6feSpinner .rbs_gallery_69f74b183c6feRect3 {\r\n\t\t\t  -webkit-animation-delay: -1.0s;\r\n\t\t\t  animation-delay: -1.0s;\r\n\t\t\t}\r\n\t\t\t.rbs_gallery_69f74b183c6feSpinner .rbs_gallery_69f74b183c6feRect4 {\r\n\t\t\t  -webkit-animation-delay: -0.9s;\r\n\t\t\t  animation-delay: -0.9s;\r\n\t\t\t}\r\n\t\t\t.rbs_gallery_69f74b183c6feSpinner .rbs_gallery_69f74b183c6feRect5 {\r\n\t\t\t  -webkit-animation-delay: -0.8s;\r\n\t\t\t  animation-delay: -0.8s;\r\n\t\t\t}\r\n\t\t\t@-webkit-keyframes rbs_gallery_69f74b183c6fe-stretchdelay {\r\n\t\t\t  0%, 40%, 100% { -webkit-transform: scaleY(0.4) }  \r\n\t\t\t  20% { -webkit-transform: scaleY(1.0) }\r\n\t\t\t}\r\n\t\t\t@keyframes rbs_gallery_69f74b183c6fe-stretchdelay {\r\n\t\t\t  0%, 40%, 100% { \r\n\t\t\t    transform: scaleY(0.4);\r\n\t\t\t    -webkit-transform: scaleY(0.4);\r\n\t\t\t  }  20% { \r\n\t\t\t    transform: scaleY(1.0);\r\n\t\t\t    -webkit-transform: scaleY(1.0);\r\n\t\t\t  }\r\n\t\t\t}\r\n\t\t<\/style><div class=\"robo-gallery-wrap robo-gallery-wrap-id7983 robo-gallery-\" ><div id=\"rbs_gallery_69f74b183c6fe-block-loader\" class=\"rbs_gallery_69f74b183c6feSpinner\"><div class=\"rbs_gallery_69f74b183c6feRect1\"><\/div> <div class=\"rbs_gallery_69f74b183c6feRect2\"><\/div> <div class=\"rbs_gallery_69f74b183c6feRect3\"><\/div> <div class=\"rbs_gallery_69f74b183c6feRect4\"><\/div> <div class=\"rbs_gallery_69f74b183c6feRect5\"><\/div><\/div><div class=\"rbs_gallery_button  rbs_gallery_align_left\" id=\"rbs_gallery_69f74b183c6fefilter\" style=\" display: none;\" ><a class=\"button button-flat-primary button-large  \" href=\"#\" data-filter=\"*\">All<\/a><a class=\"button button-flat-primary button-large  \" href=\"#\" data-filter=\".category7983\">Aktivnosti \u0161kole<\/a><\/div><div id=\"robo_gallery_main_block_rbs_gallery_69f74b183c6fe\" class=\"robogallery-gallery-7983\" style=\"width:100%;  display: none;\"><div id=\"rbs_gallery_69f74b183c6fe\" data-options=\"rbs_gallery_69f74b183c6fe\" style=\"width:100%;\" class=\"robo_gallery  \"><div class=\"rbs-img  category7983 \" ><div class=\"rbs-img-image   rbs-lightbox \" ><div class=\"rbs-img-thumbs\"  data-thumbnail=\"https:\/\/gav.hr\/wp-content\/uploads\/2020\/04\/1-300x224.jpg\"  title=\"1\"  data-width=\"300\"  data-height=\"224\" ><\/div><div class=\"rbs-img-data-popup\"  data-popup=\"https:\/\/gav.hr\/wp-content\/uploads\/2020\/04\/1.jpg\"  title=\"1\" ><\/div><div class=\"thumbnail-overlay\"><div class=\"rbsTitle \">1<\/div><div class=\"rbsIcons\"><i class=\"fa fa-search-plus rbsZoomIcon \" ><\/i><\/div><\/div><\/div><\/div><div class=\"rbs-img  category7983 \" ><div class=\"rbs-img-image   rbs-lightbox \" ><div class=\"rbs-img-thumbs\"  data-thumbnail=\"https:\/\/gav.hr\/wp-content\/uploads\/2020\/04\/4-300x225.jpg\"  title=\"4\"  data-width=\"300\"  data-height=\"225\" ><\/div><div class=\"rbs-img-data-popup\"  data-popup=\"https:\/\/gav.hr\/wp-content\/uploads\/2020\/04\/4.jpg\"  title=\"4\" ><\/div><div class=\"thumbnail-overlay\"><div class=\"rbsTitle \">4<\/div><div class=\"rbsIcons\"><i class=\"fa fa-search-plus rbsZoomIcon \" ><\/i><\/div><\/div><\/div><\/div><div class=\"rbs-img  category7983 \" ><div class=\"rbs-img-image   rbs-lightbox \" ><div class=\"rbs-img-thumbs\"  data-thumbnail=\"https:\/\/gav.hr\/wp-content\/uploads\/2020\/04\/5-300x219.jpg\"  title=\"5\"  data-width=\"300\"  data-height=\"219\" ><\/div><div class=\"rbs-img-data-popup\"  data-popup=\"https:\/\/gav.hr\/wp-content\/uploads\/2020\/04\/5.jpg\"  title=\"5\" ><\/div><div class=\"thumbnail-overlay\"><div class=\"rbsTitle \">5<\/div><div class=\"rbsIcons\"><i class=\"fa fa-search-plus rbsZoomIcon \" ><\/i><\/div><\/div><\/div><\/div><div class=\"rbs-img  category7983 \" ><div class=\"rbs-img-image   rbs-lightbox \" ><div class=\"rbs-img-thumbs\"  data-thumbnail=\"https:\/\/gav.hr\/wp-content\/uploads\/2020\/04\/6-300x225.jpg\"  title=\"6\"  data-width=\"300\"  data-height=\"225\" ><\/div><div class=\"rbs-img-data-popup\"  data-popup=\"https:\/\/gav.hr\/wp-content\/uploads\/2020\/04\/6.jpg\"  title=\"6\" ><\/div><div class=\"thumbnail-overlay\"><div class=\"rbsTitle \">6<\/div><div class=\"rbsIcons\"><i class=\"fa fa-search-plus rbsZoomIcon \" ><\/i><\/div><\/div><\/div><\/div><div class=\"rbs-img  category7983 \" ><div class=\"rbs-img-image   rbs-lightbox \" ><div class=\"rbs-img-thumbs\"  data-thumbnail=\"https:\/\/gav.hr\/wp-content\/uploads\/2020\/04\/7-300x169.jpg\"  title=\"7\"  data-width=\"300\"  data-height=\"169\" ><\/div><div class=\"rbs-img-data-popup\"  data-popup=\"https:\/\/gav.hr\/wp-content\/uploads\/2020\/04\/7.jpg\"  title=\"7\" ><\/div><div class=\"thumbnail-overlay\"><div class=\"rbsTitle \">7<\/div><div class=\"rbsIcons\"><i class=\"fa fa-search-plus rbsZoomIcon \" ><\/i><\/div><\/div><\/div><\/div><div class=\"rbs-img  category7983 \" ><div class=\"rbs-img-image   rbs-lightbox \" ><div class=\"rbs-img-thumbs\"  data-thumbnail=\"https:\/\/gav.hr\/wp-content\/uploads\/2020\/04\/8-300x169.jpg\"  title=\"8\"  data-width=\"300\"  data-height=\"169\" ><\/div><div class=\"rbs-img-data-popup\"  data-popup=\"https:\/\/gav.hr\/wp-content\/uploads\/2020\/04\/8.jpg\"  title=\"8\" ><\/div><div class=\"thumbnail-overlay\"><div class=\"rbsTitle \">8<\/div><div class=\"rbsIcons\"><i class=\"fa fa-search-plus rbsZoomIcon \" ><\/i><\/div><\/div><\/div><\/div><div class=\"rbs-img  category7983 \" ><div class=\"rbs-img-image   rbs-lightbox \" ><div class=\"rbs-img-thumbs\"  data-thumbnail=\"https:\/\/gav.hr\/wp-content\/uploads\/2020\/04\/10-225x300.jpg\"  title=\"10\"  data-width=\"225\"  data-height=\"300\" ><\/div><div class=\"rbs-img-data-popup\"  data-popup=\"https:\/\/gav.hr\/wp-content\/uploads\/2020\/04\/10.jpg\"  title=\"10\" ><\/div><div class=\"thumbnail-overlay\"><div class=\"rbsTitle \">10<\/div><div class=\"rbsIcons\"><i class=\"fa fa-search-plus rbsZoomIcon \" ><\/i><\/div><\/div><\/div><\/div><div class=\"rbs-img  category7983 \" ><div class=\"rbs-img-image   rbs-lightbox \" ><div class=\"rbs-img-thumbs\"  data-thumbnail=\"https:\/\/gav.hr\/wp-content\/uploads\/2020\/04\/11-300x225.jpg\"  title=\"11\"  data-width=\"300\"  data-height=\"225\" ><\/div><div class=\"rbs-img-data-popup\"  data-popup=\"https:\/\/gav.hr\/wp-content\/uploads\/2020\/04\/11.jpg\"  title=\"11\" ><\/div><div class=\"thumbnail-overlay\"><div class=\"rbsTitle \">11<\/div><div class=\"rbsIcons\"><i class=\"fa fa-search-plus rbsZoomIcon \" ><\/i><\/div><\/div><\/div><\/div><div class=\"rbs-img  category7983 \" ><div class=\"rbs-img-image   rbs-lightbox \" ><div class=\"rbs-img-thumbs\"  data-thumbnail=\"https:\/\/gav.hr\/wp-content\/uploads\/2020\/04\/12-300x200.jpg\"  title=\"12\"  data-width=\"300\"  data-height=\"200\" ><\/div><div class=\"rbs-img-data-popup\"  data-popup=\"https:\/\/gav.hr\/wp-content\/uploads\/2020\/04\/12.jpg\"  title=\"12\" ><\/div><div class=\"thumbnail-overlay\"><div class=\"rbsTitle \">12<\/div><div class=\"rbsIcons\"><i class=\"fa fa-search-plus rbsZoomIcon \" ><\/i><\/div><\/div><\/div><\/div><div class=\"rbs-img  category7983 \" ><div class=\"rbs-img-image   rbs-lightbox \" ><div class=\"rbs-img-thumbs\"  data-thumbnail=\"https:\/\/gav.hr\/wp-content\/uploads\/2020\/04\/13-300x200.jpg\"  title=\"13\"  data-width=\"300\"  data-height=\"200\" ><\/div><div class=\"rbs-img-data-popup\"  data-popup=\"https:\/\/gav.hr\/wp-content\/uploads\/2020\/04\/13.jpg\"  title=\"13\" ><\/div><div class=\"thumbnail-overlay\"><div class=\"rbsTitle \">13<\/div><div class=\"rbsIcons\"><i class=\"fa fa-search-plus rbsZoomIcon \" ><\/i><\/div><\/div><\/div><\/div><div class=\"rbs-img  category7983 \" ><div class=\"rbs-img-image   rbs-lightbox \" ><div class=\"rbs-img-thumbs\"  data-thumbnail=\"https:\/\/gav.hr\/wp-content\/uploads\/2020\/04\/15-169x300.jpg\"  title=\"15\"  data-width=\"169\"  data-height=\"300\" ><\/div><div class=\"rbs-img-data-popup\"  data-popup=\"https:\/\/gav.hr\/wp-content\/uploads\/2020\/04\/15.jpg\"  title=\"15\" ><\/div><div class=\"thumbnail-overlay\"><div class=\"rbsTitle \">15<\/div><div class=\"rbsIcons\"><i class=\"fa fa-search-plus rbsZoomIcon \" ><\/i><\/div><\/div><\/div><\/div><div class=\"rbs-img  category7983 \" ><div class=\"rbs-img-image   rbs-lightbox \" ><div class=\"rbs-img-thumbs\"  data-thumbnail=\"https:\/\/gav.hr\/wp-content\/uploads\/2020\/04\/14-300x225.jpg\"  title=\"14\"  data-width=\"300\"  data-height=\"225\" ><\/div><div class=\"rbs-img-data-popup\"  data-popup=\"https:\/\/gav.hr\/wp-content\/uploads\/2020\/04\/14.jpg\"  title=\"14\" ><\/div><div class=\"thumbnail-overlay\"><div class=\"rbsTitle \">14<\/div><div class=\"rbsIcons\"><i class=\"fa fa-search-plus rbsZoomIcon \" ><\/i><\/div><\/div><\/div><\/div><div class=\"rbs-img  category7983 \" ><div class=\"rbs-img-image   rbs-lightbox \" ><div class=\"rbs-img-thumbs\"  data-thumbnail=\"https:\/\/gav.hr\/wp-content\/uploads\/2020\/04\/9-224x300.jpg\"  title=\"9\"  data-width=\"224\"  data-height=\"300\" ><\/div><div class=\"rbs-img-data-popup\"  data-popup=\"https:\/\/gav.hr\/wp-content\/uploads\/2020\/04\/9.jpg\"  title=\"9\" ><\/div><div class=\"thumbnail-overlay\"><div class=\"rbsTitle \">9<\/div><div class=\"rbsIcons\"><i class=\"fa fa-search-plus rbsZoomIcon \" ><\/i><\/div><\/div><\/div><\/div><div class=\"rbs-img  category7983 \" ><div class=\"rbs-img-image   rbs-lightbox \" ><div class=\"rbs-img-thumbs\"  data-thumbnail=\"https:\/\/gav.hr\/wp-content\/uploads\/2020\/04\/3-300x200.jpg\"  title=\"3\"  data-width=\"300\"  data-height=\"200\" ><\/div><div class=\"rbs-img-data-popup\"  data-popup=\"https:\/\/gav.hr\/wp-content\/uploads\/2020\/04\/3.jpg\"  title=\"3\" ><\/div><div class=\"thumbnail-overlay\"><div class=\"rbsTitle \">3<\/div><div class=\"rbsIcons\"><i class=\"fa fa-search-plus rbsZoomIcon \" ><\/i><\/div><\/div><\/div><\/div><div class=\"rbs-img  category7983 \" ><div class=\"rbs-img-image   rbs-lightbox \" ><div class=\"rbs-img-thumbs\"  data-thumbnail=\"https:\/\/gav.hr\/wp-content\/uploads\/2020\/04\/2-300x225.jpg\"  title=\"2\"  data-width=\"300\"  data-height=\"225\" ><\/div><div class=\"rbs-img-data-popup\"  data-popup=\"https:\/\/gav.hr\/wp-content\/uploads\/2020\/04\/2.jpg\"  title=\"2\" ><\/div><div class=\"thumbnail-overlay\"><div class=\"rbsTitle \">2<\/div><div class=\"rbsIcons\"><i class=\"fa fa-search-plus rbsZoomIcon \" ><\/i><\/div><\/div><\/div><\/div><\/div><\/div><\/div><script>var rbs_gallery_69f74b183c6fe = {\"version\":\"3.1.7\",\"id\":7983,\"class\":\"id7983\",\"roboGalleryDelay\":1000,\"mainContainer\":\"#robo_gallery_main_block_rbs_gallery_69f74b183c6fe\",\"loadingContainer\":\"#rbs_gallery_69f74b183c6fe-block-loader\",\"loadingContainerObj\":\"rbs_gallery_69f74b183c6fe-block-loader\",\"columnWidth\":\"auto\",\"columns\":3,\"resolutions\":[{\"columnWidth\":\"auto\",\"columns\":3,\"maxWidth\":960},{\"columnWidth\":\"auto\",\"columns\":2,\"maxWidth\":650},{\"columnWidth\":\"auto\",\"columns\":1,\"maxWidth\":450}],\"lightboxOptions\":{\"gallery\":{\"enabled\":true,\"tCounter\":\"%curr% of %total%\"}},\"overlayEffect\":\"direction-aware-fade\",\"boxesToLoadStart\":12,\"boxesToLoad\":8,\"waitUntilThumbLoads\":1,\"LoadingWord\":\"Loading...\",\"loadMoreWord\":\"Load More\",\"noMoreEntriesWord\":\"No More Entries\",\"horizontalSpaceBetweenBoxes\":15,\"verticalSpaceBetweenBoxes\":15,\"lazyLoad\":1,\"wrapContainer\":\"#robo-gallery-wrap-rbs_gallery_69f74b183c6fe\",\"filterContainer\":\"#rbs_gallery_69f74b183c6fefilter\",\"loadMoreClass\":\"button-flat-primary button-large \"};<\/script>","protected":false},"excerpt":{"rendered":"<p>Ovaj dio web stranice zami\u0161ljen je kao promocija na\u0161e \u0161kole budu\u0107im srednjo\u0161kolcima, te da im pribli\u017eimo na\u0161u \u0161kolu i sve njene aktivnosti. Preuzmi letke Prirodoslovno-matemati\u010dka gimnazija Jezi\u010dna gimnazija Klasi\u010dna gimnazija Op\u0107a gimnazija Prirodoslovna gimnazija Facebook Instagram<\/p>\n","protected":false},"author":2,"featured_media":0,"parent":0,"menu_order":0,"comment_status":"closed","ping_status":"closed","template":"","meta":{"ngg_post_thumbnail":0,"_links_to":"","_links_to_target":""},"_links":{"self":[{"href":"https:\/\/gav.hr\/index.php?rest_route=\/wp\/v2\/pages\/6118"}],"collection":[{"href":"https:\/\/gav.hr\/index.php?rest_route=\/wp\/v2\/pages"}],"about":[{"href":"https:\/\/gav.hr\/index.php?rest_route=\/wp\/v2\/types\/page"}],"author":[{"embeddable":true,"href":"https:\/\/gav.hr\/index.php?rest_route=\/wp\/v2\/users\/2"}],"replies":[{"embeddable":true,"href":"https:\/\/gav.hr\/index.php?rest_route=%2Fwp%2Fv2%2Fcomments&post=6118"}],"version-history":[{"count":39,"href":"https:\/\/gav.hr\/index.php?rest_route=\/wp\/v2\/pages\/6118\/revisions"}],"predecessor-version":[{"id":13882,"href":"https:\/\/gav.hr\/index.php?rest_route=\/wp\/v2\/pages\/6118\/revisions\/13882"}],"wp:attachment":[{"href":"https:\/\/gav.hr\/index.php?rest_route=%2Fwp%2Fv2%2Fmedia&parent=6118"}],"curies":[{"name":"wp","href":"https:\/\/api.w.org\/{rel}","templated":true}]}}