{"id":7243,"date":"2019-10-11T19:30:02","date_gmt":"2019-10-11T17:30:02","guid":{"rendered":"http:\/\/gav.hr\/?page_id=7243"},"modified":"2026-03-16T16:43:44","modified_gmt":"2026-03-16T14:43:44","slug":"poziv-kandidata-na-razgovor-s-povjerenstvom-i-rang-lista","status":"publish","type":"page","link":"https:\/\/gav.hr\/?page_id=7243","title":{"rendered":"Poziv kandidata na razgovor s povjerenstvom i rang lista"},"content":{"rendered":"\n<p>13.velja\u010de 2026. izdan je natje\u010daj za radno mjesto:<\/p>\n\n\n\n<p>-sprema\u0107ica<\/p>\n\n\n\n<p> <a href=\"http:\/\/gav.hr\/wp-content\/uploads\/2026\/03\/Poziv-na-razgovor-spremac-cistac.pdf\">POZIV NA RAZGOVOR<\/a><\/p>\n\n\n\n<p><strong>7. listopada 2025. izdan je natje\u010daj za radno mjesto:<br>\u2013nastavnik kemije\u00a0(9 sati u nastavi)<\/strong><br>&#8211;<a href=\"http:\/\/gav.hr\/wp-content\/uploads\/2025\/10\/Poziv-na-testiranje-KEMIJA-2.pdf\">poziv na testiranje<\/a><br>&#8211;<a href=\"http:\/\/gav.hr\/wp-content\/uploads\/2025\/11\/Natjecaj-KEMIJA-2-Poziv-na-razgovor.pdf\">poziv na razgovor<\/a><\/p>\n\n\n\n<p><strong>7. listopada 2025. izdan je natje\u010daj za radno mjesto:<br>\u2013&nbsp;nastavnik kemije<\/strong><br>&#8211;<a href=\"http:\/\/gav.hr\/wp-content\/uploads\/2025\/10\/Poziv-na-testiranje-KEMIJA-1.pdf\">poziv na testiranje<\/a><\/p>\n\n\n\n<p><strong>7. listopada 2025. izdan je natje\u010daj za radno mjesto:<br>\u2013nastavnik engleskog jezika<\/strong><br>&#8211;<a href=\"http:\/\/gav.hr\/wp-content\/uploads\/2025\/10\/Poziv-na-testiranje-ENGLESKI-JEZIK.pdf\">pozvi na testiranje<\/a><\/p>\n\n\n\n<p><strong>7. listopada 2025. izdan je natje\u010daj za radno mjesto:<br>\u2013nastavnik matematike<\/strong><br>&#8211;<a href=\"http:\/\/gav.hr\/wp-content\/uploads\/2025\/10\/Poziv-na-testiranje-MATEMATIKA.pdf\">poziv na testiranje<\/a><br>&#8211;<a href=\"http:\/\/gav.hr\/wp-content\/uploads\/2025\/11\/Natjecaj-MATEMATIKA-Poziv-na-razgovor.pdf\">poziv na razgovor<\/a><br><\/p>\n\n\n\n<p><strong>7. listopada 2025. izdan je natje\u010daj za radno mjesto:<br>\u2013nastavnik biologije i kemije<\/strong><br>&#8211;<a href=\"http:\/\/gav.hr\/wp-content\/uploads\/2025\/10\/Poziv-na-testiranje-BIOLOGIJA-I-KEMIJA.pdf\">pozvi na testiranje<\/a><\/p>\n\n\n\n<p><strong>1.listopada raspisan je natje\u010daj za radno mjesto:<br>STRU\u010cNI RADNIK NA TEHNI\u010cKOM ODR\u017dAVANJU<\/strong><br> &#8211; <a href=\"http:\/\/gav.hr\/wp-content\/uploads\/2025\/10\/Poziv-na-razgovor-Strucni-radnik-na-tehnickom-odrzavanju.pdf\">poziv na testiranje<\/a><\/p>\n\n\n\n<p><strong>23. lipnja 2025. izdan je natje\u010daj za radno mjesto:<\/strong><br><strong>Nastavnik likovne umjetnosti (m\/\u017e)<\/strong><\/p>\n\n\n\n<p> &#8211; <a href=\"http:\/\/gav.hr\/wp-content\/uploads\/2025\/07\/Poziv-na-razgovor-Likovna-umjetnost.pdf\">poziv na razgovor<strong> <\/strong><\/a><\/p>\n\n\n\n<p>&#8211; <a href=\"http:\/\/gav.hr\/wp-content\/uploads\/2025\/07\/Rang-lista-kandidata-Likovna-umjetnost.pdf\">rang lista<\/a><\/p>\n\n\n\n<p><strong>13. rujna 2024. izdan je natje\u010daj za radno mjesto:<\/strong><br>Stru\u010dni suradnik (psiholog) i nastavnik psihologije<br>&#8211;<a href=\"http:\/\/gav.hr\/wp-content\/uploads\/2024\/10\/Natjecaj-psiholog-Poziv-na-razgovor.pdf\">poziv na razgovor<\/a><\/p>\n\n\n\n<p><strong>9. rujna 2024. izdan je natje\u010daj za radno mjesto<br>Nastavnik kemije<br>&#8211; <a href=\"http:\/\/gav.hr\/wp-content\/uploads\/2024\/10\/Kemija-poziv-na-razgovor.pdf\">poziv na razgovor<\/a><\/strong><\/p>\n\n\n\n<p><strong>4. rujna 2024. izdan je natje\u010daj za radno mjesto <\/strong><br>N<strong>astavnik matematike<\/strong> <br>&#8211;<a href=\"http:\/\/gav.hr\/wp-content\/uploads\/2024\/09\/MATEMATIKA-POZIV-NA-RAZGOVOR.pdf\"><strong>poziv na razgovor<\/strong><\/a><\/p>\n\n\n\n<p><strong>21. studenog izdan je natje\u010daj za radno mjesto:<br>Sprema\u010dica<br><a href=\"http:\/\/gav.hr\/wp-content\/uploads\/2023\/12\/Poziv-na-testiranje-spremac-ica.pdf\">-pozi na razgovor<\/a><\/strong><\/p>\n\n\n\n<p>14. lipnja 2023. izdan je natje\u010daj za radno mjesto:<br><strong>Voditelj\/ica ra\u010dunovodstva<\/strong><br>&#8211;<a href=\"http:\/\/gav.hr\/wp-content\/uploads\/2023\/06\/Poziv-na-razgovor-natjecaj-racunovodstvo.pdf\">poziv na razgovor<\/a><\/p>\n\n\n\n<p><strong>1.o\u017eujka 2023. izdan je natje\u010daj za radno mjesto:<\/strong><br><strong>Domar\/kotlovni\u010dar<\/strong><br>&#8211;<a href=\"http:\/\/gav.hr\/wp-content\/uploads\/2023\/03\/Poziv-na-testiranje-domar-kotlovnicar.pdf\">poziv na razgovor<\/a><\/p>\n\n\n\n<p><strong>2. studenog izdan je natje\u010daj za radno mjesto:<\/strong><br><strong>Nastavnik matematike<\/strong><br>&#8211; <a href=\"http:\/\/gav.hr\/wp-content\/uploads\/2022\/11\/Poziv-na-razgovor.pdf\">poziv na razgovor<\/a><\/p>\n\n\n\n<p><strong>5. rujna 2022. izdan je natje\u010daj za radno mjesto:<\/strong><br><strong>Nastavnik biologije i kemije<\/strong><\/p>\n\n\n\n<p>&#8211;<a href=\"http:\/\/gav.hr\/wp-content\/uploads\/2022\/09\/Poziv-na-intervju-biologija-i-kemija-.pdf\">poziv na razgovor<\/a><\/p>\n\n\n\n<p><strong>19.1.2022. izdan je natje\u010daj za radno mjesto:<br>\u2013&nbsp;stru\u010dni suradnik psiholog i nastavnik psihologije<\/strong><br><a href=\"http:\/\/gav.hr\/wp-content\/uploads\/2022\/02\/Poziv-na-razgovor-psiholog-2022..pdf\">Poziv na razgovor<\/a><\/p>\n\n\n\n<p><strong>25.11.2021. izdan je natje\u010daj za radno mjesto:<br>&#8211; voditelj\/ica ra\u010dunovodstva<\/strong><br><a href=\"http:\/\/gav.hr\/wp-content\/uploads\/2021\/12\/Voditeljica-ra\u010dunovodstva...poziv-na-razgovor.pdf\">Poziv na razgovor<\/a><\/p>\n\n\n\n<p><strong>31.8.2021. izdan je natje\u010daj za radno mjesto:<\/strong><br>&#8211; <strong>Nastavnik (m\/\u017e) likovne umjetnosti<\/strong><br><a href=\"http:\/\/gav.hr\/wp-content\/uploads\/2021\/09\/Scan_0120.pdf\">Poziv na razgovor<\/a><br>&#8211; <strong>Nastavnik (m\/\u017e) glazbene umjetnosti<\/strong><br><a href=\"http:\/\/gav.hr\/wp-content\/uploads\/2021\/09\/Glazbena-umjetnost-poziv-na-razgovor.docx\">Poziv na razgovor<\/a><br>&#8211; <strong>Nastavnik (m\/\u017e) biologije i kemije<\/strong><br><a href=\"http:\/\/gav.hr\/wp-content\/uploads\/2021\/09\/Biologija-i-kemija-poziv-na-razgovor.docx\">Poziv na razgovor<\/a><br>&#8211; <strong>Stru\u010dni suradnik\/\u0161kolski knji\u017eni\u010dar (m\/\u017e)<\/strong><br>&#8211; <a href=\"http:\/\/gav.hr\/wp-content\/uploads\/2021\/09\/pOZIV-NA-RAZGOVOR-KNJI\u017dNI\u010cAR.pdf\">Poziv na razgovor<\/a><\/p>\n\n\n\n<p><strong>25.8.2021. izdan je natje\u010daj za radno mjesto:<\/strong><br><strong>Nastavnik (m\/\u017e) engleskog jezika<\/strong><br>&#8211;<a href=\"http:\/\/gav.hr\/wp-content\/uploads\/2021\/09\/Poziv-na-razgovor-engleski-1.pdf\">Poziv na razgovor<\/a><\/p>\n\n\n\n<p><strong>14.1.2021. izdan je natje\u010daj za radno mjesto:<\/strong><br><strong>Nastavnik (m\/\u017e) glazbene umjetnosti<\/strong><br> &#8211; <a href=\"http:\/\/gav.hr\/wp-content\/uploads\/2021\/02\/Poziva-na-razgovor-glazbena-umjetnost-1.pdf\">Poziv na razgovor<\/a><\/p>\n\n\n\n<p><strong>3.12.2020.  izdan je natje\u010daj za radno mjesto:<\/strong><br><br><strong>Stru\u010dni suradnik psiholog i nastavnik psihologije<\/strong><br>&#8211; <a href=\"http:\/\/gav.hr\/wp-content\/uploads\/2020\/12\/Poziv-na-razgovor-psihologija-1.docx\">Poziv na razgovor <\/a><br><a href=\"http:\/\/gav.hr\/wp-content\/uploads\/2020\/12\/6-Poziv-na-testiranje-psiholog.docx\">&#8211; Poziv na testiranje<\/a><\/p>\n\n\n\n<p><strong>22.09.2020. izdani su natje\u010daji za radno mjesto<\/strong>:<br><br><strong>Nastavnik (m\/\u017e) psihlogije<\/strong><br>&#8211; <a href=\"http:\/\/gav.hr\/wp-content\/uploads\/2020\/10\/poziv-na-razgovor-stru\u010dni-suradnik-psiholog.pdf\">Poziv na razgovor<\/a><br><br><strong>Stru\u010dni suradnik\/\u0161kolski knji\u017eni\u010dar<\/strong><br><a href=\"http:\/\/gav.hr\/wp-content\/uploads\/2020\/10\/poziv-na-razgovor-stru\u010dnisuradnik-knji\u017eni\u010dar.pdf\">&#8211; Poziv na razgovor<\/a><\/p>\n\n\n\n<p><strong>13.8.2020. izdani su natje\u010daji za radna mjesta, a u nastavku se donose rang liste kandidata po pojedinim radnim mjestima:<\/strong><\/p>\n\n\n\n<p><strong>Nastavnik (m\/\u017e) engleskog jezika:<\/strong><br><a href=\"http:\/\/gav.hr\/wp-content\/uploads\/2020\/09\/Rang-lista-kandidata-Engleski-jezik.docx\">Rang lista kandidata<\/a><\/p>\n\n\n\n<p><strong>Nastavnik (m\/\u017e) talijanskog jezika:<\/strong><br><a href=\"http:\/\/gav.hr\/wp-content\/uploads\/2020\/09\/Rang-lista-kandidatata-Talijanski-jezik.docx\">Rang lista kandidata<\/a><\/p>\n\n\n\n<p><strong>Nastavnik (m\/\u017e) likovne umjetnosti:<\/strong><br><a href=\"http:\/\/gav.hr\/wp-content\/uploads\/2020\/09\/Rang-lista-kandidata-Likovna-umjetnost.docx\">Rang lista kandidata<\/a><\/p>\n\n\n\n<p><strong>Nastavnik (m\/\u017e) biologije i kemije:<\/strong><br><a href=\"http:\/\/gav.hr\/wp-content\/uploads\/2020\/09\/Rang-lista-kandidata-Biologija-i-kemija.docx\">Rang lista kandidata<\/a><\/p>\n\n\n\n<p><strong>Nastavnik (m\/\u017e) fizike:<\/strong><br><a href=\"http:\/\/gav.hr\/wp-content\/uploads\/2020\/09\/Rang-lista-kandidatata-Fizika-1.docx\">Rang lista kandidata<\/a><\/p>\n\n\n\n<p><strong>Nastavnik (m\/\u017e) matematike:<\/strong><br><a href=\"http:\/\/gav.hr\/wp-content\/uploads\/2020\/09\/Rang-lista-kandidata-Matematika-10-sati.docx\">Rang lista kandidata<\/a> (10 sati)<br><a href=\"http:\/\/gav.hr\/wp-content\/uploads\/2020\/09\/Rang-lista-kandidata-Matematika-12-sati.docx\">Rang lista kandidata<\/a> (12 sati)<\/p>\n\n\n\n<p><strong>Nastavnik (m\/\u017e) etike:<\/strong><br><a href=\"http:\/\/gav.hr\/wp-content\/uploads\/2020\/09\/Rang-lista-kandidatata-Etika.docx\">Rang lista kandidata<\/a><\/p>\n\n\n\n<p><strong>31.01.2020. izdani su natje\u010daji za radna mjesta, a u nastavku se donose rang liste kandidata po pojedinim radnim mjestima:<\/strong> <\/p>\n\n\n\n<p> <strong>Nastavnik (m\/\u017e) engleskog jezika:<\/strong> <\/p>\n\n\n\n<p> <a href=\"http:\/\/gav.hr\/wp-content\/uploads\/2020\/02\/Poziv-na-razgovor-engleski.docx\">Rang lista kandidata<\/a> <\/p>\n\n\n<p><strong data-rich-text-format-boundary=\"true\">11.10.2019. izdani su natje\u010daji za radna mjesta, a u nastavku se donose rang liste kandidata po pojedinim radnim mjestima:<\/strong><br><!--StartFragment--><\/p>\n\n\n<p><strong>Nastavnik (m\/\u017e) biologije i kemije:<\/strong><\/p>\n\n\n\n<ul><li><a href=\"http:\/\/gav.hr\/wp-content\/uploads\/2019\/11\/RANG-LISTA-BIOLOGIJA-I-KEMIJA-1.pdf\">Rang lista kandidata<\/a><\/li><\/ul>\n\n\n\n<p><strong>Nastavnik (m\/\u017e) biologije:<\/strong><\/p>\n\n\n\n<ul><li><a href=\"http:\/\/gav.hr\/wp-content\/uploads\/2019\/11\/RANG-LISTA-BIOLOGIJA-4.pdf\">Rang lista kandidata<\/a><\/li><\/ul>\n\n\n\n<p><strong>Nastavnik (m\/\u017e) engleskog jezika:<\/strong><\/p>\n\n\n\n<ul><li><a href=\"http:\/\/gav.hr\/wp-content\/uploads\/2019\/11\/RANG-LISTA-ENGLESKI-JEZIK-8.pdf\">Rang lista kandidata<\/a><\/li><\/ul>\n\n\n\n<p><strong>Nastavnik (m\/\u017e) fizike:<\/strong><\/p>\n\n\n\n<ul><li><a href=\"http:\/\/gav.hr\/wp-content\/uploads\/2019\/11\/RANG-LISTA-FIZIKA-2.pdf\">Rang lista kandidata<\/a><\/li><\/ul>\n\n\n\n<p><strong>Stru\u010dni suradnik\/\u0161kolski knji\u017eni\u010dar (m\/\u017e):<\/strong><\/p>\n\n\n\n<ul><li><a href=\"http:\/\/gav.hr\/wp-content\/uploads\/2019\/11\/RANG-LISTA-STRU\u010cNI-SURADNIK-KNJI\u017dNI\u010cAR-11.pdf\">Rang lista kandidata<\/a><\/li><\/ul>\n\n\n\n<p><strong>Nastavnik likovne umjetnosti (m\/\u017e):<\/strong><\/p>\n\n\n\n<ul><li><a href=\"http:\/\/gav.hr\/wp-content\/uploads\/2019\/11\/RANG-LISTA-LIKOVNA-UMJETNOST-6.pdf\">Rang lista kandidata<\/a><\/li><\/ul>\n\n\n\n<p><strong>Nastavnik matematike (m\/\u017e):<\/strong><\/p>\n\n\n\n<ul><li><a href=\"http:\/\/gav.hr\/wp-content\/uploads\/2019\/11\/RANG-LISTA-MATEMATIKA-5.pdf\">Rang lista kandidata<\/a><\/li><\/ul>\n\n\n\n<p><strong>Nastavnik njema\u010dkog jezika (m\/\u017e):<\/strong><\/p>\n\n\n\n<ul><li><a href=\"http:\/\/gav.hr\/wp-content\/uploads\/2019\/11\/RANG-LISTA-NJEMA\u010cKI-JEZIK-7.pdf\">Rang lista kandidata<\/a><\/li><\/ul>\n\n\n\n<p><strong>Stru\u010dni suradnik\/psiholog (m\/\u017e):<\/strong><\/p>\n\n\n\n<ul><li><a href=\"http:\/\/gav.hr\/wp-content\/uploads\/2019\/11\/RANG-LISTA-STRU\u010cNI-SURADNIK-PSIHOLOG-10.pdf\">Rang lista kandidata<\/a><\/li><\/ul>\n\n\n\n<p><strong>Nastavnik talijanskog jezika (m\/\u017e):<\/strong><\/p>\n\n\n\n<ul><li><a href=\"http:\/\/gav.hr\/wp-content\/uploads\/2019\/11\/RANG-LISTA-TALIJANSKI-JEZIK-9.pdf\">Rang lista kandidata<\/a><\/li><\/ul>\n","protected":false},"excerpt":{"rendered":"<p>13.velja\u010de 2026. izdan je natje\u010daj za radno mjesto: -sprema\u0107ica POZIV NA RAZGOVOR 7. listopada 2025. izdan je natje\u010daj za radno mjesto:\u2013nastavnik kemije\u00a0(9 sati u nastavi)&#8211;poziv na testiranje&#8211;poziv na razgovor 7. listopada 2025. izdan je natje\u010daj za radno mjesto:\u2013&nbsp;nastavnik kemije&#8211;poziv na testiranje 7. listopada 2025. izdan je natje\u010daj za radno mjesto:\u2013nastavnik engleskog jezika&#8211;pozvi na testiranje 7.&hellip;<\/p>\n","protected":false},"author":2,"featured_media":0,"parent":0,"menu_order":0,"comment_status":"closed","ping_status":"closed","template":"","meta":{"ngg_post_thumbnail":0,"_links_to":"","_links_to_target":""},"_links":{"self":[{"href":"https:\/\/gav.hr\/index.php?rest_route=\/wp\/v2\/pages\/7243"}],"collection":[{"href":"https:\/\/gav.hr\/index.php?rest_route=\/wp\/v2\/pages"}],"about":[{"href":"https:\/\/gav.hr\/index.php?rest_route=\/wp\/v2\/types\/page"}],"author":[{"embeddable":true,"href":"https:\/\/gav.hr\/index.php?rest_route=\/wp\/v2\/users\/2"}],"replies":[{"embeddable":true,"href":"https:\/\/gav.hr\/index.php?rest_route=%2Fwp%2Fv2%2Fcomments&post=7243"}],"version-history":[{"count":44,"href":"https:\/\/gav.hr\/index.php?rest_route=\/wp\/v2\/pages\/7243\/revisions"}],"predecessor-version":[{"id":13781,"href":"https:\/\/gav.hr\/index.php?rest_route=\/wp\/v2\/pages\/7243\/revisions\/13781"}],"wp:attachment":[{"href":"https:\/\/gav.hr\/index.php?rest_route=%2Fwp%2Fv2%2Fmedia&parent=7243"}],"curies":[{"name":"wp","href":"https:\/\/api.w.org\/{rel}","templated":true}]}}