{"id":7245,"date":"2019-10-11T19:30:39","date_gmt":"2019-10-11T17:30:39","guid":{"rendered":"http:\/\/gav.hr\/?page_id=7245"},"modified":"2026-03-30T15:53:27","modified_gmt":"2026-03-30T13:53:27","slug":"obavijest-o-rezultatima-izbora","status":"publish","type":"page","link":"https:\/\/gav.hr\/?page_id=7245","title":{"rendered":".Obavijest o rezultatima izbora"},"content":{"rendered":"\n<p><a href=\"http:\/\/gav.hr\/wp-content\/uploads\/2026\/03\/Spremac-cistac-obavijest-o-izboru-kandidata.pdf\">Obavijest o rezultatima izbora-sprema\u010dica<\/a><\/p>\n\n\n\n<p><a href=\"http:\/\/gav.hr\/wp-content\/uploads\/2026\/01\/Spremaccistac-Obavijest-o-izboru-kandidata.pdf\">Obavijest o rezultatima izbora &#8211; sprema\u010dica<\/a><\/p>\n\n\n\n<p><a href=\"http:\/\/gav.hr\/wp-content\/uploads\/2026\/01\/Biologija-i-kemija-Obavijest-o-izboru-kandidata.pdf\">Obavijest o rezultatima izbora &#8211; nastavnik biologije i kemija<\/a><\/p>\n\n\n\n<p><a href=\"http:\/\/gav.hr\/wp-content\/uploads\/2025\/11\/Obavijest-o-izboru-kandidata-strucni-radnik-na-tehnickom-odrzavanju.pdf\">Obavijest o rezultatima izbora &#8211; stru\u010dni suradnik na tehni\u010dkom odr\u017eavanju<\/a><\/p>\n\n\n\n<p><a href=\"http:\/\/gav.hr\/wp-content\/uploads\/2025\/11\/Obavijest-o-izboru-kandidata-Biologija-i-Kemija.pdf\">Obavijest o rezultatima izbora &#8211; biologija i kemija<\/a><\/p>\n\n\n\n<p><a href=\"http:\/\/gav.hr\/wp-content\/uploads\/2025\/11\/Obavijest-o-izboru-kandidata-engleski-jezik.pdf\">Obavijest o rezultatima izbora &#8211; engleski jezik<\/a><\/p>\n\n\n\n<p><a href=\"http:\/\/gav.hr\/wp-content\/uploads\/2025\/11\/Obavijest-o-izboru-kandidata-Kemija-puno-radno-vrijeme.pdf\">Obavijest o rezultatima izbora &#8211; kemija (puno radno vrijeme)<\/a><\/p>\n\n\n\n<p><a href=\"http:\/\/gav.hr\/wp-content\/uploads\/2025\/11\/Obavijest-o-izboru-Kemija-nepuno-radno-vrijeme.pdf\">Obavijest o rezultatima izbora &#8211; kemija (nepuno radno vrijeme)<\/a><\/p>\n\n\n\n<p><a href=\"http:\/\/gav.hr\/wp-content\/uploads\/2025\/11\/Obavijest-o-izboru-Matematika.pdf\">Obavijest o rezultatima izbora &#8211; Matematika<\/a><\/p>\n\n\n\n<p><strong>23. lipnja 2025. izdan je natje\u010daj za radno mjesto:<\/strong><\/p>\n\n\n\n<p>Nastavnik likovne umjetnosti<\/p>\n\n\n\n<p><a href=\"http:\/\/gav.hr\/wp-content\/uploads\/2025\/07\/Likovna-umjetnost-Obavijest-o-izboru-kandidala.pdf\">Obavijest o rezultatima izbora<\/a><\/p>\n\n\n\n<p>14. lipnja izdan je natje\u010daj za radno mjesto voditelj\/ica ra\u010dunovodstva:<br><a href=\"http:\/\/gav.hr\/wp-content\/uploads\/2023\/07\/Obavijest-kandidatima-racunovoda-1.pdf\"><strong>Obavijest o rezultatima izbora<\/strong><\/a><\/p>\n\n\n\n<p class=\"has-normal-font-size\"><strong>2. studenog izdan je natje\u010daj za radno mjesto nastavnik matematike:<\/strong><br><a href=\"http:\/\/gav.hr\/wp-content\/uploads\/2022\/12\/OBAVIJEST-O-IZBORU-KANDIDATA-PO-NATJECAJU-MATEMATIKA-1.pdf\">Obavijest o rezultatima izbora<\/a><\/p>\n\n\n\n<p class=\"has-normal-font-size\"><strong>5. rujna 2022. izdan je natje\u010daj za radno mjesto nastavnik biologije i kemije<\/strong><\/p>\n\n\n\n<p class=\"has-normal-font-size\"><a href=\"http:\/\/gav.hr\/wp-content\/uploads\/2022\/10\/Obavijest-kandidatima-biologija-i-kemija-natjecaj.pdf\">Obavijest o rezultatima izbora<\/a><\/p>\n\n\n\n<p class=\"has-normal-font-size\"><strong>19.1. 2022. izdan je natje\u010daj za radno mjesto stru\u010dni suradnik psiholog i nastavnik psihologije<\/strong><br><a href=\"http:\/\/gav.hr\/wp-content\/uploads\/2022\/03\/Natjecaj-psiholog-i-nastavnik-psihologije-obavijest-o-rezultatima-natjecaja.pdf\">Obavijest o rezultatima izbora<\/a><\/p>\n\n\n\n<p class=\"has-normal-font-size\"><strong>3. 12. 2021. izdan je natje\u010daj za radno mjesto voditelj\/ica ra\u010dunovodstva<\/strong><br><a href=\"http:\/\/gav.hr\/wp-content\/uploads\/2021\/12\/Obavijest-kandidatima-natje%C4%8Daj-ra%C4%8Dunovo%C4%91a.pdf\">Obavijest o rezultatima izbora<\/a><\/p>\n\n\n\n<p class=\"has-normal-font-size\"><strong>31. 8. 2021. izdan je natje\u010daj za radno mjesto<\/strong> <strong>nastavnik (m\/\u017e) biologije i kemije&nbsp;<\/strong><br><a href=\"http:\/\/gav.hr\/wp-content\/uploads\/2021\/10\/Obavijest-kandidatima-natje\u010daj-biologija-i-kemija.pdf\">Obavijest o rezultatima izbora<\/a><\/p>\n\n\n\n<p class=\"has-normal-font-size\"><strong>31. 8. 2021. izdan je natje\u010daj za radno mjesto<\/strong> <strong>nastavnik (m\/\u017e) likovne umjetnosti<\/strong><br><a href=\"http:\/\/gav.hr\/wp-content\/uploads\/2021\/10\/Obavijest-kandidatima-natje\u010daj-likovna-umjetnost.pdf\">Obavijest o rezultatima izbora<\/a><\/p>\n\n\n\n<p class=\"has-normal-font-size\"><strong>31. 8. 2021. izdan je natje\u010daj za radno mjesto stru\u010dni suradnik\/\u0161kolski knji\u017eni\u010dar (m\/\u017e)<\/strong><br><a href=\"http:\/\/gav.hr\/wp-content\/uploads\/2021\/10\/Obavijest-kandidatima-natje\u010daj-knji\u017eni\u010dar.pdf\">Obavijest o rezultatima izbora<\/a><\/p>\n\n\n\n<p class=\"has-normal-font-size\"><strong>31. 8. 2021. izdan je natje\u010daj za radno mjesto nastavnik (m\/\u017e) glazbene umjetnosti<\/strong><br><a href=\"http:\/\/gav.hr\/wp-content\/uploads\/2021\/10\/Obavijest-kandidatima-natje\u010daj-glazbena-umjetnost.pdf\">Obavijest o rezultatima izbora<\/a><\/p>\n\n\n\n<p class=\"has-normal-font-size\"><strong>25.8.2021. izdan je natje\u010daj za radno mjesto nastavnik (m\/\u017e) engleskog jezika<\/strong>:<br><a href=\"http:\/\/gav.hr\/wp-content\/uploads\/2021\/09\/Obavijest-kandidatima-engleski-jezik.pdf\">Obavijest o rezultatima izbora<\/a><\/p>\n\n\n\n<p class=\"has-normal-font-size\"><strong>14.1.2021. izdan je natje\u010daj za radno mjesto nastavnik (m\/\u017e) glazbene umjetnosti<\/strong>:<br><a href=\"http:\/\/gav.hr\/wp-content\/uploads\/2021\/02\/Odluka-o-odabiru-najpovoljnije-ponude.pdf\">Obavijest o rezultatima izbora<\/a><\/p>\n\n\n\n<p class=\"has-normal-font-size\"><strong>23.12.2020. izdan je natje\u010daj za radno mjesto nastavnik (m\/\u017e) matematike<\/strong>:<br><a href=\"http:\/\/gav.hr\/wp-content\/uploads\/2021\/02\/Obavijest-kandidatima-natje\u010daj-matematika.pdf\">Obavijest o rezultatima izbora<\/a><\/p>\n\n\n\n<p class=\"has-normal-font-size\"><strong>7.12.2020. objavljen je natje\u010daj za radno mjesto nastavnik fizike (m\/\u017e):<\/strong><br><a href=\"http:\/\/gav.hr\/wp-content\/uploads\/2021\/01\/Obavijest-fizika.pdf\">Obavijest o rezultatima izbora<\/a><\/p>\n\n\n\n<p class=\"has-normal-font-size\"><strong>3.12.2020. objavljen je natje\u010daj za radno mjesto<\/strong> <strong>stru\u010dni suradnik psiholog i nastavnik psihologije<\/strong>:<br><a href=\"http:\/\/gav.hr\/wp-content\/uploads\/2021\/01\/Obavijest-kandidatima-psiholog.pdf\">Obavijest o rezultatima izbora<\/a><\/p>\n\n\n\n<p class=\"has-normal-font-size\"><strong> 22.9.2020. objavljen je natje\u010daj za radno mjesta, a u nastavku se donose obavijesti o rezultatima izbora:<\/strong><br><strong>Stru\u010dni suradnik &#8211; \u0161kolski knji\u017eni\u010dar<\/strong><br><a href=\"http:\/\/gav.hr\/wp-content\/uploads\/2020\/11\/Obavijest-za-WEB-IZBOR-KNJI\u017dNI\u010cARA-temeljem-natje\u010daja.docx\">Obavijest o rezultatima izbora<\/a> <br><strong>Nastavnik (m\/\u017e) psihologije<\/strong><br><a href=\"http:\/\/gav.hr\/wp-content\/uploads\/2020\/11\/Obavijest-za-WEB-IZBOR-PSIHOLOG-temeljem-natje\u010daja.docx\">Obavijest o rezultatima izbora<\/a><\/p>\n\n\n\n<p class=\"has-normal-font-size\"><strong>13.8.2020. izdani su natje\u010daji za radna mjesta, a u nastavku se donose obavijesti o rezultatima izbora:<\/strong><\/p>\n\n\n\n<p class=\"has-normal-font-size\"><strong>Nastavnik (m\/\u017e) engleskoj jezika:<\/strong><br><a href=\"http:\/\/gav.hr\/wp-content\/uploads\/2020\/09\/Obavijest-o-izboru-kandidata-Engleski-jezik.docx\">Obavijest o rezultatima izbora<\/a><\/p>\n\n\n\n<p class=\"has-normal-font-size\"><strong>Nastavnik (m\/\u017e) talijanskog jezika:<\/strong><br><a href=\"http:\/\/gav.hr\/wp-content\/uploads\/2020\/09\/Obavijest-o-izboru-kandidata-Talijanski-jezik.docx\">Obavijest o rezultatima izbora<\/a><\/p>\n\n\n\n<p><strong>Nastavnik (m\/\u017e) matematike:<\/strong><br><a href=\"http:\/\/gav.hr\/wp-content\/uploads\/2020\/09\/Obavijest-o-izboru-kandidata-Matematika-12-sati.docx\">Obavijest o rezultatima izbora<\/a> (12 sati)<br><a href=\"http:\/\/gav.hr\/wp-content\/uploads\/2020\/09\/Obavijest-o-izboru-kandidata-Matematika-10-sati.docx\">Obavijest o rezultatima izbora <\/a>(10 sati)<\/p>\n\n\n\n<p><strong>Nastavnik (m\/\u017e) fizike:<\/strong><br><a href=\"http:\/\/gav.hr\/wp-content\/uploads\/2020\/09\/Obavijest-o-izboru-kandidata-Fizika.docx\">Obavijest o rezultatima izbora<\/a><\/p>\n\n\n\n<p><strong>Nastavnik (m\/\u017e) likovne kulture:<\/strong><br><a href=\"http:\/\/gav.hr\/wp-content\/uploads\/2020\/09\/Obavijest-o-izboru-kandidata-Likovna-umjetnost.docx\">Obavijest o rezultatima izbora<\/a><\/p>\n\n\n\n<p><strong>Nastavnik (m\/\u017e) glazbene umjetnosti:<\/strong><br><a href=\"http:\/\/gav.hr\/wp-content\/uploads\/2020\/09\/Obavijest-o-izboru-kandidata-Glazbena-umjetnost.docx\">Obavijest o rezultatima izbora<\/a><\/p>\n\n\n\n<p><strong>Nastavnik (m\/\u017e) bilogije i kemije:<\/strong><br><a href=\"http:\/\/gav.hr\/wp-content\/uploads\/2020\/09\/Obavijest-o-izboru-kandidata-Biologija-i-kemija.docx\">Obavijest o rezultatima izbora<\/a><\/p>\n\n\n\n<p><strong>Nastavnik (m\/\u017e) etike:<\/strong><br><a href=\"http:\/\/gav.hr\/wp-content\/uploads\/2020\/09\/Obavijest-o-izboru-kandidata-Etika.docx\">Obavijest o rezultatima izbora<\/a><\/p>\n\n\n\n<p><strong>30.01.2020. izdani su natje\u010daji za radna mjesta, a u nastavku se donose obavijesti o rezultatima izbora:<\/strong> <\/p>\n\n\n\n<p> <strong>Nastavnik (m\/\u017e) engleskoj jezika:<\/strong> <\/p>\n\n\n\n<ul><li><a href=\"http:\/\/gav.hr\/wp-content\/uploads\/2020\/03\/Obavijest-kandidatima-engleski-jezik.pdf\">Obavijest o rezultatu izbora<\/a><\/li><\/ul>\n\n\n\n<p><\/p>\n\n\n\n<p><strong>11.10.2019. izdani su natje\u010daji za radna mjesta, a u nastavku se donose obavijesti o rezultatima izbora:<\/strong><\/p>\n\n\n\n<p><strong>Nastavnik (m\/\u017e) biologije i kemije:<\/strong> <\/p>\n\n\n\n<ul><li><a href=\"http:\/\/gav.hr\/wp-content\/uploads\/2019\/11\/1-Obavijest_o_rezultatima_natjecaja-BIOLOGIJE-I-KEMIJE.pdf\">Obavijest o rezultatu izbora<\/a><\/li><\/ul>\n\n\n\n<p><strong>Nastavnik (m\/\u017e) biologije:<\/strong><\/p>\n\n\n\n<ul><li><a href=\"http:\/\/gav.hr\/wp-content\/uploads\/2019\/11\/3-Obavijest_o_rezultatima_natjecaja-BIOLOGIJA.pdf\">Obavijest o rezultatu izbora<\/a><\/li><\/ul>\n\n\n\n<p><strong>Nastavnik (m\/\u017e) engleskog jezika:<\/strong><\/p>\n\n\n\n<ul><li><a href=\"http:\/\/gav.hr\/wp-content\/uploads\/2019\/11\/9-Obavijest_o_rezultatima_natjecaja-ENGLESKI-JEZIK.pdf\">Obavijest o rezultatima izbora<\/a><\/li><\/ul>\n\n\n\n<p><strong>Nastavnik (m\/\u017e) fizike:<\/strong><\/p>\n\n\n\n<ul><li><a href=\"http:\/\/gav.hr\/wp-content\/uploads\/2019\/11\/2-Obavijest_o_rezultatima_natjecaja-FIZIKA.pdf\">Obavijest o rezultatu izbora<\/a><\/li><\/ul>\n\n\n\n<p><strong>Nastavnik (m\/\u017e) informatike:<\/strong><\/p>\n\n\n\n<ul><li><a href=\"http:\/\/gav.hr\/wp-content\/uploads\/2019\/11\/11-Obavijest_o_rezultatima_natjecaja-INFORMATIKA.pdf\">Obavijest o rezultatima izbora<\/a><\/li><\/ul>\n\n\n\n<p><strong>Stru\u010dni suradnik\/\u0161kolski knji\u017eni\u010dar (m\/\u017e):<\/strong><\/p>\n\n\n\n<ul><li><a href=\"http:\/\/gav.hr\/wp-content\/uploads\/2019\/11\/5-Obavijest_o_rezultatima_natjecaja-KNJI\u017dNI\u010cAR.pdf\">Obavijest o rezultatima izbora<\/a><\/li><\/ul>\n\n\n\n<p><strong>Nastavnik (m\/\u017e) likovne umjetnosti:<\/strong><\/p>\n\n\n\n<ul><li><a href=\"http:\/\/gav.hr\/wp-content\/uploads\/2019\/11\/7-Obavijest_o_rezultatima_natjecaja-LIKOVNA-UMJETNOST.pdf\">Obavijest o rezultatima izbora<\/a><\/li><\/ul>\n\n\n\n<p><strong>Nastavnike (m\/\u017e) matematike:<\/strong><\/p>\n\n\n\n<ul><li><a href=\"http:\/\/gav.hr\/wp-content\/uploads\/2019\/11\/6-Obavijest_o_rezultatima_natjecaja-MATEMATIKA.pdf\">Obavijest o rezultatima izbora<\/a><\/li><\/ul>\n\n\n\n<p><strong>Nastavnik (m\/\u017e) njema\u010dkog jezika:<\/strong><\/p>\n\n\n\n<ul><li><a href=\"http:\/\/gav.hr\/wp-content\/uploads\/2019\/11\/8-Obavijest_o_rezultatima_natjecaja-NJEMA\u010cKI-JEZIK.pdf\">Obavijest o rezultatima izbora<\/a><\/li><\/ul>\n\n\n\n<p><strong>Stru\u010dni suradnik\/psiholog (m\/\u017e):<\/strong><\/p>\n\n\n\n<ul><li><a href=\"http:\/\/gav.hr\/wp-content\/uploads\/2019\/11\/4-Obavijest_o_rezultatima_natjecaja-\u0160KOLSKI-PSIHOLOG-I-NASTAVNIK-PSIHOLOGIJE.pdf\">Obavijest o rezultatu izbora<\/a><\/li><\/ul>\n\n\n\n<p><strong>Nastavnik (m\/\u017e) talijanskog jezika:<\/strong><\/p>\n\n\n\n<ul><li><a href=\"http:\/\/gav.hr\/wp-content\/uploads\/2019\/11\/10-Obavijest_o_rezultatima_natjecaja-TALIJANSKI-JEZIK.pdf\">Obavijest o rezultatima izbora<\/a><\/li><\/ul>\n","protected":false},"excerpt":{"rendered":"<p>Obavijest o rezultatima izbora-sprema\u010dica Obavijest o rezultatima izbora &#8211; sprema\u010dica Obavijest o rezultatima izbora &#8211; nastavnik biologije i kemija Obavijest o rezultatima izbora &#8211; stru\u010dni suradnik na tehni\u010dkom odr\u017eavanju Obavijest o rezultatima izbora &#8211; biologija i kemija Obavijest o rezultatima izbora &#8211; engleski jezik Obavijest o rezultatima izbora &#8211; kemija (puno radno vrijeme) Obavijest o&hellip;<\/p>\n","protected":false},"author":2,"featured_media":0,"parent":0,"menu_order":0,"comment_status":"closed","ping_status":"closed","template":"","meta":{"ngg_post_thumbnail":0,"_links_to":"","_links_to_target":""},"_links":{"self":[{"href":"https:\/\/gav.hr\/index.php?rest_route=\/wp\/v2\/pages\/7245"}],"collection":[{"href":"https:\/\/gav.hr\/index.php?rest_route=\/wp\/v2\/pages"}],"about":[{"href":"https:\/\/gav.hr\/index.php?rest_route=\/wp\/v2\/types\/page"}],"author":[{"embeddable":true,"href":"https:\/\/gav.hr\/index.php?rest_route=\/wp\/v2\/users\/2"}],"replies":[{"embeddable":true,"href":"https:\/\/gav.hr\/index.php?rest_route=%2Fwp%2Fv2%2Fcomments&post=7245"}],"version-history":[{"count":42,"href":"https:\/\/gav.hr\/index.php?rest_route=\/wp\/v2\/pages\/7245\/revisions"}],"predecessor-version":[{"id":13827,"href":"https:\/\/gav.hr\/index.php?rest_route=\/wp\/v2\/pages\/7245\/revisions\/13827"}],"wp:attachment":[{"href":"https:\/\/gav.hr\/index.php?rest_route=%2Fwp%2Fv2%2Fmedia&parent=7245"}],"curies":[{"name":"wp","href":"https:\/\/api.w.org\/{rel}","templated":true}]}}