{"id":8103,"date":"2020-07-15T23:44:39","date_gmt":"2020-07-15T21:44:39","guid":{"rendered":"http:\/\/gav.hr\/?page_id=8103"},"modified":"2025-07-16T15:47:56","modified_gmt":"2025-07-16T13:47:56","slug":"udzbenici","status":"publish","type":"page","link":"https:\/\/gav.hr\/?page_id=8103","title":{"rendered":"Ud\u017ebenici 2025.\/2026."},"content":{"rendered":"\n<p class=\"has-normal-font-size\">Po\u0161tovani u\u010denici i roditelji, u prilogu se nalazi popis ud\u017ebenika za 2025.\/2026. \u0161kolsku godinu.<br><\/p>\n\n\n\n<div class=\"wp-block-image\"><figure class=\"aligncenter size-large is-resized\"><a href=\"http:\/\/gav.hr\/wp-content\/uploads\/2025\/07\/Udzbenici2025-2026.pdf\" target=\"_blank\" rel=\"noopener\"><img loading=\"lazy\" src=\"http:\/\/gav.hr\/wp-content\/uploads\/2022\/05\/Library-Book-Return-1024x791.jpg\" alt=\"\" class=\"wp-image-10627\" width=\"335\" height=\"258\" srcset=\"https:\/\/gav.hr\/wp-content\/uploads\/2022\/05\/Library-Book-Return-1024x791.jpg 1024w, https:\/\/gav.hr\/wp-content\/uploads\/2022\/05\/Library-Book-Return-300x232.jpg 300w, https:\/\/gav.hr\/wp-content\/uploads\/2022\/05\/Library-Book-Return-768x593.jpg 768w, https:\/\/gav.hr\/wp-content\/uploads\/2022\/05\/Library-Book-Return-1536x1187.jpg 1536w, https:\/\/gav.hr\/wp-content\/uploads\/2022\/05\/Library-Book-Return.jpg 2000w\" sizes=\"(max-width: 335px) 100vw, 335px\" \/><\/a><\/figure><\/div>\n\n\n\n<div class=\"wp-block-image\"><figure class=\"aligncenter size-large is-resized\"><a href=\"http:\/\/gav.hr\/wp-content\/uploads\/2025\/07\/radne-biljeznice-2025-2026.pdf\"><img loading=\"lazy\" src=\"http:\/\/gav.hr\/wp-content\/uploads\/2023\/07\/Library-Book-Return-1-1024x791.png\" alt=\"\" class=\"wp-image-12258\" width=\"336\" height=\"259\" srcset=\"https:\/\/gav.hr\/wp-content\/uploads\/2023\/07\/Library-Book-Return-1-1024x791.png 1024w, https:\/\/gav.hr\/wp-content\/uploads\/2023\/07\/Library-Book-Return-1-300x232.png 300w, https:\/\/gav.hr\/wp-content\/uploads\/2023\/07\/Library-Book-Return-1-768x593.png 768w, https:\/\/gav.hr\/wp-content\/uploads\/2023\/07\/Library-Book-Return-1-1536x1187.png 1536w, https:\/\/gav.hr\/wp-content\/uploads\/2023\/07\/Library-Book-Return-1.png 2000w\" sizes=\"(max-width: 336px) 100vw, 336px\" \/><\/a><\/figure><\/div>\n\n\n\n<p class=\"has-normal-font-size\"><\/p>\n\n\n\n<p><\/p>\n","protected":false},"excerpt":{"rendered":"<p>Po\u0161tovani u\u010denici i roditelji, u prilogu se nalazi popis ud\u017ebenika za 2025.\/2026. \u0161kolsku godinu.<\/p>\n","protected":false},"author":2,"featured_media":0,"parent":0,"menu_order":0,"comment_status":"closed","ping_status":"closed","template":"","meta":{"ngg_post_thumbnail":0,"_links_to":"","_links_to_target":""},"_links":{"self":[{"href":"https:\/\/gav.hr\/index.php?rest_route=\/wp\/v2\/pages\/8103"}],"collection":[{"href":"https:\/\/gav.hr\/index.php?rest_route=\/wp\/v2\/pages"}],"about":[{"href":"https:\/\/gav.hr\/index.php?rest_route=\/wp\/v2\/types\/page"}],"author":[{"embeddable":true,"href":"https:\/\/gav.hr\/index.php?rest_route=\/wp\/v2\/users\/2"}],"replies":[{"embeddable":true,"href":"https:\/\/gav.hr\/index.php?rest_route=%2Fwp%2Fv2%2Fcomments&post=8103"}],"version-history":[{"count":38,"href":"https:\/\/gav.hr\/index.php?rest_route=\/wp\/v2\/pages\/8103\/revisions"}],"predecessor-version":[{"id":13446,"href":"https:\/\/gav.hr\/index.php?rest_route=\/wp\/v2\/pages\/8103\/revisions\/13446"}],"wp:attachment":[{"href":"https:\/\/gav.hr\/index.php?rest_route=%2Fwp%2Fv2%2Fmedia&parent=8103"}],"curies":[{"name":"wp","href":"https:\/\/api.w.org\/{rel}","templated":true}]}}