{"id":8332,"date":"2020-10-09T23:48:06","date_gmt":"2020-10-09T21:48:06","guid":{"rendered":"http:\/\/gav.hr\/?page_id=8332"},"modified":"2022-05-06T17:50:24","modified_gmt":"2022-05-06T15:50:24","slug":"povijest-skole","status":"publish","type":"page","link":"https:\/\/gav.hr\/?page_id=8332","title":{"rendered":"Povijest \u0161kole"},"content":{"rendered":"\n<div class=\"wp-block-media-text alignwide is-stacked-on-mobile\"><figure class=\"wp-block-media-text__media\"><img loading=\"lazy\" width=\"1024\" height=\"722\" src=\"http:\/\/gav.hr\/wp-content\/uploads\/2022\/05\/gimnazija-nekad-1024x722-1.jpg\" alt=\"\" class=\"wp-image-10571 size-full\" srcset=\"https:\/\/gav.hr\/wp-content\/uploads\/2022\/05\/gimnazija-nekad-1024x722-1.jpg 1024w, https:\/\/gav.hr\/wp-content\/uploads\/2022\/05\/gimnazija-nekad-1024x722-1-300x212.jpg 300w, https:\/\/gav.hr\/wp-content\/uploads\/2022\/05\/gimnazija-nekad-1024x722-1-768x542.jpg 768w, https:\/\/gav.hr\/wp-content\/uploads\/2022\/05\/gimnazija-nekad-1024x722-1-340x240.jpg 340w\" sizes=\"(max-width: 1024px) 100vw, 1024px\" \/><\/figure><div class=\"wp-block-media-text__content\">\n<p class=\"has-normal-font-size\">\u0160ibenska gimnazija najstarija je srednja \u0161kola u \u0160ibeniku i ima bogatu povijest. <\/p>\n\n\n\n<p class=\"has-normal-font-size\">\u0160kola je u po\u010detku bila smje\u0161tena u zgradi pored Grand hotela \u201eKrka\u201c, danas Glazbena \u0161kola Ivana Luka\u010di\u0107a, a tu je ostala do 1937. kada se uselila u novu, velebnu zgradu u podno\u017eju \u0160ubi\u0107evca gdje se i danas nalazi. <\/p>\n\n\n\n<p class=\"has-normal-font-size\">Tridesetih godina 20. stolje\u0107a \u0161kola je brojila vi\u0161e od tisu\u0107u u\u010denika, a nastava se odvijala u neadekvatnom prostoru te je bilo potrebno izgraditi novu \u0161kolsku zgradu. Kamen temeljac postavljen je 1935. godine. Radovi su trajali svega&nbsp; sedamnaest mjeseci. Dana 9. svibnja 1937. sve\u010dano je otvorena novoizgra\u0111ena zgrada uz veliko slavlje brojnih uglednika, gra\u0111ana, uzvanika i u\u010denika. Dr\u017eavna realna gimnazija do\u010dekala je \u0161kolsku godinu 1937.\/1938. u novoj zgradi koja \u0107e postati jedan od prepoznatljivih simbola \u0160ibenika i u kojoj se i danas nalazimo.<\/p>\n<\/div><\/div>\n\n\n\n<p class=\"has-normal-font-size\">Tijekom Drugog svjetskog rata slu\u017eila je kao vojarna i vojna bolnica, do\u017eivjela je brojne uspone i padove dr\u017eava, politi\u010dka previranja i promjene \u0161kolskih sustava, ali kontinuirano je radila pou\u010davaju\u0107i i odgajaju\u0107i generacije u\u010denika. Do dana\u0161njih dana u njoj je maturiralo oko 9000 u\u010denika. U\u017eivala je ugled jedne od vode\u0107ih srednjih \u0161kola u Hrvatskoj i slu\u017eila je kao ogledni model drugim \u0161ibenskim srednjim \u0161kolama.<\/p>\n\n\n\n<p class=\"has-normal-font-size\">Kroz stogodi\u0161nju povijest mijenjalo se ime \u0161kole od Ni\u017ee realke, Gimnazije u \u0160ibeniku, Gimnazije \u0161ibenskih heroja, Gimnazije \u0160ibenik do Gimnazije Antuna Vran\u010di\u0107a, imena koje nosi danas.<\/p>\n\n\n\n<p class=\"has-normal-font-size\">2009. godine obilje\u017eili smo stolje\u0107e \u0161ibenske gimnazije sve\u010danom akademijom u&nbsp; Hrvatskom narodnom kazali\u0161tu u \u0160ibeniku.<\/p>\n\n\n\n<p class=\"has-normal-font-size\">Proslavili smo i 105. godina postojanja sve\u010danom sjednicom Nastavnog vije\u0107a u Gradskoj vije\u0107nici i postavljanjem izlo\u017ebe \u201eGimnazijski vremeplov\u201c u suradnji s Dr\u017eavnim arhivom u \u0160ibeniku u Gradskoj knji\u017enici \u201eJuraj \u0160i\u017egori\u0107\u201c. Ta je izlo\u017eba svojim sadr\u017eajem predstavljala prikaz \u0161ibenske gimnazije tijekom 105. godina, njezine nara\u0161taje i bogatu djelatnost. Nakon \u0160ibenika, u listopadu 2015.&nbsp; izlo\u017eba&nbsp;&nbsp;&nbsp;&nbsp;&nbsp; \u201eGimnazijski vremeplov\u201c otputovala je u Zagreb i&nbsp; gostovala je mjesec dana u prostorima Hrvatskog \u0161kolskog muzeja, a posjetili su je&nbsp; brojni zagreba\u010dki&nbsp; \u0160iben\u010dani i biv\u0161i gimnazijalci. 2019. godine povodom 110. godina gimnazijskog obrazovanja u \u0160ibeniku, predstavili smo knjigu \u201e\u0160ibenska gimnazija 1909. \u2013 2019.\u201c autorica Jasminke Pai\u0107 i Dra\u017eenke Po\u017ear Perkovi\u0107, a u kojoj smo nastojali rije\u010dju, dokumentima, citatom ili fotografijom obuhvatiti sve generacije koje su prolazile gimnazijskim hodnicima, uspinjale se uz njezine legendarne stepenice i kona\u010dno se otisnule u \u017eivot sa svjedod\u017ebom \u0161ibenske gimnazije.<\/p>\n\n\n\n<ul><li><a href=\"http:\/\/gav.hr\/wp-content\/uploads\/2021\/05\/Pano-Uvodni-0.pdf\">Uvod<\/a><\/li><li><a href=\"http:\/\/gav.hr\/wp-content\/uploads\/2021\/05\/pano-Dra%C5%BEenka-1.pdf\">Prva desetlje\u0107a 1.dio<\/a><\/li><li><a href=\"http:\/\/gav.hr\/wp-content\/uploads\/2021\/05\/pano-Dra%C5%BEenka-2.pdf\">Prva desetlje\u0107a 2.dio<\/a><\/li><li><a href=\"http:\/\/gav.hr\/wp-content\/uploads\/2021\/05\/pano-Dra%C5%BEenka-3.pdf\">Prva desetlje\u0107a 3.dio<\/a><\/li><li><a href=\"http:\/\/gav.hr\/wp-content\/uploads\/2021\/05\/pano-Dra%C5%BEenka-4.pdf\">U novoj zgradi<\/a><\/li><li><a href=\"http:\/\/gav.hr\/wp-content\/uploads\/2021\/05\/pano-Dra%C5%BEenka-5.pdf\">Maturanti<\/a><\/li><li><a href=\"http:\/\/gav.hr\/wp-content\/uploads\/2021\/05\/pano-Dra%C5%BEenka-6.pdf\">Rat i pora\u0107e<\/a><\/li><li><a href=\"http:\/\/gav.hr\/wp-content\/uploads\/2021\/05\/pano-Dra%C5%BEenka-7.pdf\">Izvannastavne aktivnosti<\/a><\/li><li><a href=\"http:\/\/gav.hr\/wp-content\/uploads\/2021\/05\/pano-Dra%C5%BEenka-8.pdf\">Izvannastavne aktivnosti<\/a><\/li><\/ul>\n\n\n\n<figure class=\"wp-block-image size-large is-resized\"><img loading=\"lazy\" src=\"http:\/\/gav.hr\/wp-content\/uploads\/2020\/10\/images.jpg\" alt=\"\" class=\"wp-image-8333\" width=\"490\" height=\"261\" srcset=\"https:\/\/gav.hr\/wp-content\/uploads\/2020\/10\/images.jpg 308w, https:\/\/gav.hr\/wp-content\/uploads\/2020\/10\/images-300x160.jpg 300w\" sizes=\"(max-width: 490px) 100vw, 490px\" \/><\/figure>\n","protected":false},"excerpt":{"rendered":"<p>\u0160ibenska gimnazija najstarija je srednja \u0161kola u \u0160ibeniku i ima bogatu povijest. \u0160kola je u po\u010detku bila smje\u0161tena u zgradi pored Grand hotela \u201eKrka\u201c, danas Glazbena \u0161kola Ivana Luka\u010di\u0107a, a tu je ostala do 1937. kada se uselila u novu, velebnu zgradu u podno\u017eju \u0160ubi\u0107evca gdje se i danas nalazi. Tridesetih godina 20. stolje\u0107a \u0161kola&hellip;<\/p>\n","protected":false},"author":2,"featured_media":0,"parent":0,"menu_order":0,"comment_status":"closed","ping_status":"closed","template":"","meta":{"ngg_post_thumbnail":0,"_links_to":"","_links_to_target":""},"_links":{"self":[{"href":"https:\/\/gav.hr\/index.php?rest_route=\/wp\/v2\/pages\/8332"}],"collection":[{"href":"https:\/\/gav.hr\/index.php?rest_route=\/wp\/v2\/pages"}],"about":[{"href":"https:\/\/gav.hr\/index.php?rest_route=\/wp\/v2\/types\/page"}],"author":[{"embeddable":true,"href":"https:\/\/gav.hr\/index.php?rest_route=\/wp\/v2\/users\/2"}],"replies":[{"embeddable":true,"href":"https:\/\/gav.hr\/index.php?rest_route=%2Fwp%2Fv2%2Fcomments&post=8332"}],"version-history":[{"count":28,"href":"https:\/\/gav.hr\/index.php?rest_route=\/wp\/v2\/pages\/8332\/revisions"}],"predecessor-version":[{"id":10572,"href":"https:\/\/gav.hr\/index.php?rest_route=\/wp\/v2\/pages\/8332\/revisions\/10572"}],"wp:attachment":[{"href":"https:\/\/gav.hr\/index.php?rest_route=%2Fwp%2Fv2%2Fmedia&parent=8332"}],"curies":[{"name":"wp","href":"https:\/\/api.w.org\/{rel}","templated":true}]}}