{"id":8455,"date":"2020-10-16T23:56:43","date_gmt":"2020-10-16T21:56:43","guid":{"rendered":"http:\/\/gav.hr\/?page_id=8455"},"modified":"2022-05-08T23:12:51","modified_gmt":"2022-05-08T21:12:51","slug":"izborna-i-fakultativna-nastava","status":"publish","type":"page","link":"https:\/\/gav.hr\/?page_id=8455","title":{"rendered":"Izborna i fakultativna nastava"},"content":{"rendered":"\n<p><strong><em>Izborna i fakultativna nastava <\/em><\/strong>(odr\u017eava se 2 sata tjedno)<\/p>\n\n\n\n<p><strong>Izborni predmeti<\/strong> u \u0161koli su: &nbsp;<\/p>\n\n\n\n<ul><li>Informatika (2., 3. i 4. razredi op\u0107e gimnazije)<\/li><li>Fizika (2. i 4. razredi op\u0107e gimnazije)<\/li><li>Biologija (2., 3. i 4. razredi op\u0107e gimnazije)<\/li><li>Kemija (3. razred op\u0107e gimnazije)<\/li><\/ul>\n\n\n\n<p><strong>Fakultativni predmeti<\/strong> u \u0161koli su:<\/p>\n\n\n\n<ul><li>Portugalski jezik I i II (1.-4. razreda)<\/li><li>Njema\u010dki jezik (1. razredi)<\/li><li>Farmacija i botanika (3. razredi)<\/li><\/ul>\n\n\n\n<div class=\"wp-block-image\"><figure class=\"aligncenter size-full is-resized\"><a href=\"http:\/\/gav.hr\/wp-content\/uploads\/2022\/05\/slika1.png\" target=\"_blank\" rel=\"noopener\"><img loading=\"lazy\" src=\"http:\/\/gav.hr\/wp-content\/uploads\/2022\/05\/slika1.png\" alt=\"\" class=\"wp-image-10616\" width=\"781\" height=\"302\" srcset=\"https:\/\/gav.hr\/wp-content\/uploads\/2022\/05\/slika1.png 956w, https:\/\/gav.hr\/wp-content\/uploads\/2022\/05\/slika1-300x116.png 300w, https:\/\/gav.hr\/wp-content\/uploads\/2022\/05\/slika1-768x298.png 768w\" sizes=\"(max-width: 781px) 100vw, 781px\" \/><\/a><\/figure><\/div>\n","protected":false},"excerpt":{"rendered":"<p>Izborna i fakultativna nastava (odr\u017eava se 2 sata tjedno) Izborni predmeti u \u0161koli su: &nbsp; Informatika (2., 3. i 4. razredi op\u0107e gimnazije) Fizika (2. i 4. razredi op\u0107e gimnazije) Biologija (2., 3. i 4. razredi op\u0107e gimnazije) Kemija (3. razred op\u0107e gimnazije) Fakultativni predmeti u \u0161koli su: Portugalski jezik I i II (1.-4. razreda)&hellip;<\/p>\n","protected":false},"author":2,"featured_media":0,"parent":0,"menu_order":0,"comment_status":"closed","ping_status":"closed","template":"","meta":{"ngg_post_thumbnail":0,"_links_to":"","_links_to_target":""},"_links":{"self":[{"href":"https:\/\/gav.hr\/index.php?rest_route=\/wp\/v2\/pages\/8455"}],"collection":[{"href":"https:\/\/gav.hr\/index.php?rest_route=\/wp\/v2\/pages"}],"about":[{"href":"https:\/\/gav.hr\/index.php?rest_route=\/wp\/v2\/types\/page"}],"author":[{"embeddable":true,"href":"https:\/\/gav.hr\/index.php?rest_route=\/wp\/v2\/users\/2"}],"replies":[{"embeddable":true,"href":"https:\/\/gav.hr\/index.php?rest_route=%2Fwp%2Fv2%2Fcomments&post=8455"}],"version-history":[{"count":5,"href":"https:\/\/gav.hr\/index.php?rest_route=\/wp\/v2\/pages\/8455\/revisions"}],"predecessor-version":[{"id":10621,"href":"https:\/\/gav.hr\/index.php?rest_route=\/wp\/v2\/pages\/8455\/revisions\/10621"}],"wp:attachment":[{"href":"https:\/\/gav.hr\/index.php?rest_route=%2Fwp%2Fv2%2Fmedia&parent=8455"}],"curies":[{"name":"wp","href":"https:\/\/api.w.org\/{rel}","templated":true}]}}