{"id":91,"date":"2012-09-22T10:54:57","date_gmt":"2012-09-22T10:54:57","guid":{"rendered":"http:\/\/localhost:40082\/?page_id=91"},"modified":"2026-02-06T12:53:30","modified_gmt":"2026-02-06T10:53:30","slug":"eucionica","status":"publish","type":"page","link":"https:\/\/gav.hr\/?page_id=91","title":{"rendered":"eU\u010dionica"},"content":{"rendered":"\n<p><a href=\"http:\/\/gav.hr\/wp-content\/uploads\/2025\/01\/Materijali.zip\">MATERIJALI &#8211; DOWNLOAD<\/a><\/p>\n\n\n<p><a href=\"https:\/\/app.box.com\/s\/p5nsyd4ntyteaxe0t7k3\">Matematika<\/a><\/p>\n<p><a href=\"https:\/\/app.box.com\/folder\/364732280912?s=hunqvgl3r4138f9kb64pqhows15ugh2k\">Deana Kara\u0111ole-Radov\u010di\u0107<\/a><\/p>\n<p><a href=\"http:\/\/gav.hr\/?page_id=388\">Informatika<\/a><\/p>\n<p><a href=\"http:\/\/gav.hr\/?page_id=5102\">Fizika<\/a><\/p>\n<p><a href=\"http:\/\/gav.hr\/?page_id=382\">Geografija<\/a><\/p>\n<p><a href=\"http:\/\/gav.hr\/?page_id=376\">Hrvatski jezik<\/a><\/p>\n<p><a href=\"http:\/\/gav.hr\/?page_id=380\">Engleski jezik<\/a><\/p>\n<p><a href=\"http:\/\/gav.hr\/?page_id=383\">Njema\u010dki jezik<\/a><\/p>\n<p><a href=\"http:\/\/gav.hr\/?page_id=552\">Talijanski jezik<\/a><\/p>\n<p><a href=\"http:\/\/gav.hr\/?page_id=394\">Klasi\u010dni jezici<\/a><\/p>\n<p>Matura<\/p>\n<p>Sociologija<\/p>\n<p>Politika i gospodarstvo<\/p>\n<p>&nbsp;<\/p>\n<p>&nbsp;<\/p>","protected":false},"excerpt":{"rendered":"<p>MATERIJALI &#8211; DOWNLOAD Matematika Deana Kara\u0111ole-Radov\u010di\u0107 Informatika Fizika Geografija Hrvatski jezik Engleski jezik Njema\u010dki jezik Talijanski jezik Klasi\u010dni jezici Matura Sociologija Politika i gospodarstvo &nbsp; &nbsp;<\/p>\n","protected":false},"author":6,"featured_media":0,"parent":0,"menu_order":0,"comment_status":"closed","ping_status":"closed","template":"","meta":{"ngg_post_thumbnail":0,"_links_to":"","_links_to_target":""},"_links":{"self":[{"href":"https:\/\/gav.hr\/index.php?rest_route=\/wp\/v2\/pages\/91"}],"collection":[{"href":"https:\/\/gav.hr\/index.php?rest_route=\/wp\/v2\/pages"}],"about":[{"href":"https:\/\/gav.hr\/index.php?rest_route=\/wp\/v2\/types\/page"}],"author":[{"embeddable":true,"href":"https:\/\/gav.hr\/index.php?rest_route=\/wp\/v2\/users\/6"}],"replies":[{"embeddable":true,"href":"https:\/\/gav.hr\/index.php?rest_route=%2Fwp%2Fv2%2Fcomments&post=91"}],"version-history":[{"count":17,"href":"https:\/\/gav.hr\/index.php?rest_route=\/wp\/v2\/pages\/91\/revisions"}],"predecessor-version":[{"id":13723,"href":"https:\/\/gav.hr\/index.php?rest_route=\/wp\/v2\/pages\/91\/revisions\/13723"}],"wp:attachment":[{"href":"https:\/\/gav.hr\/index.php?rest_route=%2Fwp%2Fv2%2Fmedia&parent=91"}],"curies":[{"name":"wp","href":"https:\/\/api.w.org\/{rel}","templated":true}]}}