{"id":9103,"date":"2021-02-06T16:47:15","date_gmt":"2021-02-06T14:47:15","guid":{"rendered":"http:\/\/gav.hr\/?page_id=9103"},"modified":"2021-03-26T19:19:09","modified_gmt":"2021-03-26T17:19:09","slug":"mysterious-ciphers-2020","status":"publish","type":"page","link":"https:\/\/gav.hr\/?page_id=9103","title":{"rendered":"Mysterious Ciphers 2020"},"content":{"rendered":"\n<div class=\"wp-block-media-text alignwide is-stacked-on-mobile\"><figure class=\"wp-block-media-text__media\"><img loading=\"lazy\" width=\"1024\" height=\"1024\" src=\"http:\/\/gav.hr\/wp-content\/uploads\/2021\/02\/20210206_154402-1-1024x1024.jpg\" alt=\"\" class=\"wp-image-9116\"\/><\/figure><div class=\"wp-block-media-text__content\">\n<p class=\"has-text-align-left has-normal-font-size\">U\u010denici 2.A razreda zajedno sa svojom profesoricom matematike Loranom Antunac, uklju\u010dili su se u virtualni eTwinnig projekt Mysterious Cyphers.<br><br>U sklopu projekta \u0107e \u00a0prou\u010diti razli\u010dite metode kriptografije te \u0107e zajedno s u\u010denicima drugih dr\u017eava i \u0161kola izmjenjivati \u0161ifrirane poruke te \u0107e osmisliti i vlastitu metodu \u0161ifriranja.<br><br>U projekt su uklju\u010deni vr\u0161njaci iz Turske, Slova\u010dke, \u0160vedske, Francuske, \u0160panjolske, \u010ce\u0161ke, Poljske, Litve i Francuske Gvajane.<br><br>Predvi\u0111eno trajanje projekta je od rujna 2020. do travnja 2021. a planirane aktivnosti se provode isklju\u010divo online na platformi Twinspace.<br><\/p>\n<\/div><\/div>\n\n\n\n<figure class=\"wp-block-embed-wordpress wp-block-embed is-type-wp-embed is-provider-gimnazija-antuna-vrancica\"><div class=\"wp-block-embed__wrapper\">\n<blockquote class=\"wp-embedded-content\" data-secret=\"FbtMiZp2jN\"><a href=\"http:\/\/gav.hr\/?p=9176\">Virtualna izlo\u017eba &#8211; projekt Mysterious Ciphers<\/a><\/blockquote><iframe class=\"wp-embedded-content\" sandbox=\"allow-scripts\" security=\"restricted\" style=\"position: absolute; clip: rect(1px, 1px, 1px, 1px);\" title=\"&#8220;Virtualna izlo\u017eba &#8211; projekt Mysterious Ciphers&#8221; &#8212; GIMNAZIJA ANTUNA VRAN\u010cI\u0106A\" src=\"http:\/\/gav.hr\/?p=9176&#038;embed=true#?secret=FbtMiZp2jN\" data-secret=\"FbtMiZp2jN\" width=\"600\" height=\"338\" frameborder=\"0\" marginwidth=\"0\" marginheight=\"0\" scrolling=\"no\"><\/iframe>\n<\/div><\/figure>\n","protected":false},"excerpt":{"rendered":"<p>U\u010denici 2.A razreda zajedno sa svojom profesoricom matematike Loranom Antunac, uklju\u010dili su se u virtualni eTwinnig projekt Mysterious Cyphers. U sklopu projekta \u0107e \u00a0prou\u010diti razli\u010dite metode kriptografije te \u0107e zajedno s u\u010denicima drugih dr\u017eava i \u0161kola izmjenjivati \u0161ifrirane poruke te \u0107e osmisliti i vlastitu metodu \u0161ifriranja. U projekt su uklju\u010deni vr\u0161njaci iz Turske, Slova\u010dke, \u0160vedske,&hellip;<\/p>\n","protected":false},"author":2,"featured_media":0,"parent":0,"menu_order":0,"comment_status":"closed","ping_status":"closed","template":"","meta":{"ngg_post_thumbnail":0,"_links_to":"","_links_to_target":""},"_links":{"self":[{"href":"https:\/\/gav.hr\/index.php?rest_route=\/wp\/v2\/pages\/9103"}],"collection":[{"href":"https:\/\/gav.hr\/index.php?rest_route=\/wp\/v2\/pages"}],"about":[{"href":"https:\/\/gav.hr\/index.php?rest_route=\/wp\/v2\/types\/page"}],"author":[{"embeddable":true,"href":"https:\/\/gav.hr\/index.php?rest_route=\/wp\/v2\/users\/2"}],"replies":[{"embeddable":true,"href":"https:\/\/gav.hr\/index.php?rest_route=%2Fwp%2Fv2%2Fcomments&post=9103"}],"version-history":[{"count":8,"href":"https:\/\/gav.hr\/index.php?rest_route=\/wp\/v2\/pages\/9103\/revisions"}],"predecessor-version":[{"id":9184,"href":"https:\/\/gav.hr\/index.php?rest_route=\/wp\/v2\/pages\/9103\/revisions\/9184"}],"wp:attachment":[{"href":"https:\/\/gav.hr\/index.php?rest_route=%2Fwp%2Fv2%2Fmedia&parent=9103"}],"curies":[{"name":"wp","href":"https:\/\/api.w.org\/{rel}","templated":true}]}}