{"id":94,"date":"2012-09-22T10:56:17","date_gmt":"2012-09-22T10:56:17","guid":{"rendered":"http:\/\/localhost:40082\/?page_id=94"},"modified":"2021-01-02T16:58:08","modified_gmt":"2021-01-02T14:58:08","slug":"aktivnosti","status":"publish","type":"page","link":"https:\/\/gav.hr\/?page_id=94","title":{"rendered":"Aktivnosti"},"content":{"rendered":"\n<p>U \u0161koli se izvode izvannastavne aktivnosti radi zadovoljavanja razli\u010ditih potreba i interesa u\u010denika. Na raspolaganju je 13 razli\u010ditih izvannastavnih aktivnosti. INA su poticajne za samostalno-istra\u017eiva\u010dko u\u010denje te poticanje kreativnosti u\u010denika.<\/p>\n\n\n<h3><span style=\"color: #000000;\"><a title=\"Vije\u0107e u\u010denika\" href=\"http:\/\/gav.hr\/?cat=7\"><span style=\"color: #000000;\"><strong><span style=\"color: #000080;\">Vije\u0107e u\u010denika<\/span><\/strong><\/span><\/a><\/span><\/h3>\n<h3>\n<span style=\"color: #000000;\"><a title=\"Informati\u010dka grupa\" href=\"http:\/\/gav.hr\/?cat=4\"><span style=\"color: #000000;\"><strong><span style=\"color: #000080;\"> Informati\u010dka grupa<\/span><\/strong><\/span><\/a><\/span><\/h3>\n<h3>\n<span style=\"color: #000000;\"><a title=\"Astronomska grupa\" href=\"http:\/\/gav.hr\/?cat=3\"><span style=\"color: #000000;\"><strong><span style=\"color: #000080;\"> Astronomska grupa<\/span><\/strong><\/span><\/a><\/span><\/h3>\n<h3>\n<span style=\"color: #000000;\"><a title=\"Povijesna grupa\" href=\"http:\/\/gav.hr\/?cat=15\"><span style=\"color: #000000;\"><strong><span style=\"color: #000080;\"> Povijesna grupa<\/span><\/strong><\/span><\/a><\/span><\/h3>\n<h3>\n<span style=\"color: #000000;\"><a title=\"Pegla\" href=\"http:\/\/gav.hr\/?cat=6\"><span style=\"color: #000000;\"><strong><span style=\"color: #000080;\"> Pegla<\/span><\/strong><\/span><\/a><\/span><\/h3>","protected":false},"excerpt":{"rendered":"<p>U \u0161koli se izvode izvannastavne aktivnosti radi zadovoljavanja razli\u010ditih potreba i interesa u\u010denika. Na raspolaganju je 13 razli\u010ditih izvannastavnih aktivnosti. INA su poticajne za samostalno-istra\u017eiva\u010dko u\u010denje te poticanje kreativnosti u\u010denika. Vije\u0107e u\u010denika Informati\u010dka grupa Astronomska grupa Povijesna grupa Pegla<\/p>\n","protected":false},"author":6,"featured_media":0,"parent":0,"menu_order":0,"comment_status":"closed","ping_status":"closed","template":"","meta":{"ngg_post_thumbnail":0,"_links_to":"","_links_to_target":""},"_links":{"self":[{"href":"https:\/\/gav.hr\/index.php?rest_route=\/wp\/v2\/pages\/94"}],"collection":[{"href":"https:\/\/gav.hr\/index.php?rest_route=\/wp\/v2\/pages"}],"about":[{"href":"https:\/\/gav.hr\/index.php?rest_route=\/wp\/v2\/types\/page"}],"author":[{"embeddable":true,"href":"https:\/\/gav.hr\/index.php?rest_route=\/wp\/v2\/users\/6"}],"replies":[{"embeddable":true,"href":"https:\/\/gav.hr\/index.php?rest_route=%2Fwp%2Fv2%2Fcomments&post=94"}],"version-history":[{"count":5,"href":"https:\/\/gav.hr\/index.php?rest_route=\/wp\/v2\/pages\/94\/revisions"}],"predecessor-version":[{"id":8752,"href":"https:\/\/gav.hr\/index.php?rest_route=\/wp\/v2\/pages\/94\/revisions\/8752"}],"wp:attachment":[{"href":"https:\/\/gav.hr\/index.php?rest_route=%2Fwp%2Fv2%2Fmedia&parent=94"}],"curies":[{"name":"wp","href":"https:\/\/api.w.org\/{rel}","templated":true}]}}