{"id":9622,"date":"2021-09-08T12:02:47","date_gmt":"2021-09-08T10:02:47","guid":{"rendered":"http:\/\/gav.hr\/?page_id=9622"},"modified":"2022-05-09T00:01:03","modified_gmt":"2022-05-08T22:01:03","slug":"google-classroom","status":"publish","type":"page","link":"https:\/\/gav.hr\/?page_id=9622","title":{"rendered":"GOOGLE CLASSROOM"},"content":{"rendered":"\n<p class=\"has-normal-font-size\">Za nastavu na daljinu, organizirali smo virtualne u\u010dionice u Google Classroom alatu. Kako biste se mogli priklju\u010diti virtualnim u\u010dionicama, potrebni su sljede\u0107i koraci koje smo detaljno opisali u\u00a0uputama.<\/p>\n\n\n\n<div class=\"wp-block-image\"><figure class=\"aligncenter size-large is-resized\"><a href=\"http:\/\/gav.hr\/wp-content\/uploads\/2021\/09\/Upute-za-google-classroom-online-nastava-1.pdf\" target=\"_blank\" rel=\"noopener\"><img loading=\"lazy\" src=\"http:\/\/gav.hr\/wp-content\/uploads\/2022\/05\/UPUTE-ZA-GOOGLE-CLASSROOM-1024x585.jpg\" alt=\"\" class=\"wp-image-10630\" width=\"522\" height=\"297\" srcset=\"https:\/\/gav.hr\/wp-content\/uploads\/2022\/05\/UPUTE-ZA-GOOGLE-CLASSROOM-1024x585.jpg 1024w, https:\/\/gav.hr\/wp-content\/uploads\/2022\/05\/UPUTE-ZA-GOOGLE-CLASSROOM-300x171.jpg 300w, https:\/\/gav.hr\/wp-content\/uploads\/2022\/05\/UPUTE-ZA-GOOGLE-CLASSROOM-768x439.jpg 768w, https:\/\/gav.hr\/wp-content\/uploads\/2022\/05\/UPUTE-ZA-GOOGLE-CLASSROOM.jpg 1050w\" sizes=\"(max-width: 522px) 100vw, 522px\" \/><\/a><\/figure><\/div>\n","protected":false},"excerpt":{"rendered":"<p>Za nastavu na daljinu, organizirali smo virtualne u\u010dionice u Google Classroom alatu. Kako biste se mogli priklju\u010diti virtualnim u\u010dionicama, potrebni su sljede\u0107i koraci koje smo detaljno opisali u\u00a0uputama.<\/p>\n","protected":false},"author":2,"featured_media":0,"parent":0,"menu_order":0,"comment_status":"closed","ping_status":"closed","template":"","meta":{"ngg_post_thumbnail":0,"_links_to":"","_links_to_target":""},"_links":{"self":[{"href":"https:\/\/gav.hr\/index.php?rest_route=\/wp\/v2\/pages\/9622"}],"collection":[{"href":"https:\/\/gav.hr\/index.php?rest_route=\/wp\/v2\/pages"}],"about":[{"href":"https:\/\/gav.hr\/index.php?rest_route=\/wp\/v2\/types\/page"}],"author":[{"embeddable":true,"href":"https:\/\/gav.hr\/index.php?rest_route=\/wp\/v2\/users\/2"}],"replies":[{"embeddable":true,"href":"https:\/\/gav.hr\/index.php?rest_route=%2Fwp%2Fv2%2Fcomments&post=9622"}],"version-history":[{"count":3,"href":"https:\/\/gav.hr\/index.php?rest_route=\/wp\/v2\/pages\/9622\/revisions"}],"predecessor-version":[{"id":10632,"href":"https:\/\/gav.hr\/index.php?rest_route=\/wp\/v2\/pages\/9622\/revisions\/10632"}],"wp:attachment":[{"href":"https:\/\/gav.hr\/index.php?rest_route=%2Fwp%2Fv2%2Fmedia&parent=9622"}],"curies":[{"name":"wp","href":"https:\/\/api.w.org\/{rel}","templated":true}]}}